{"id":7,"date":"2024-02-02T15:54:59","date_gmt":"2024-02-02T15:54:59","guid":{"rendered":"https:\/\/demosites.royal-elementor-addons.com\/aimatrix-v1\/?page_id=7"},"modified":"2025-11-11T17:17:26","modified_gmt":"2025-11-11T17:17:26","slug":"home-aimatrix-v1","status":"publish","type":"page","link":"https:\/\/efeserplastik.com\/","title":{"rendered":"Ana Sayfa"},"content":{"rendered":"\t\t<div data-elementor-type=\"wp-page\" data-elementor-id=\"7\" class=\"elementor elementor-7\">\n\t\t\t\t<div class=\"elementor-element elementor-element-d648b60 e-con-full e-flex wpr-particle-no wpr-jarallax-no wpr-parallax-no wpr-sticky-section-no e-con e-parent\" data-id=\"d648b60\" data-element_type=\"container\">\n\t\t<div class=\"elementor-element elementor-element-7880ca9 e-flex e-con-boxed wpr-particle-no wpr-jarallax-no wpr-parallax-no wpr-sticky-section-no e-con e-child\" data-id=\"7880ca9\" data-element_type=\"container\" data-settings=\"{&quot;background_background&quot;:&quot;gradient&quot;}\">\n\t\t\t\t\t<div class=\"e-con-inner\">\n\t\t<div class=\"elementor-element elementor-element-630c9fc e-con-full e-flex wpr-particle-no wpr-jarallax-no wpr-parallax-no wpr-sticky-section-no e-con e-child\" data-id=\"630c9fc\" data-element_type=\"container\">\n\t\t\t\t<div class=\"elementor-element elementor-element-20d59af elementor-widget__width-initial elementor-widget-laptop__width-initial elementor-widget-tablet__width-initial elementor-widget-mobile__width-initial wpr-advanced-text-style-animated wpr-fancy-text-typing wpr-animated-text-infinite-yes elementor-widget elementor-widget-wpr-advanced-text\" data-id=\"20d59af\" data-element_type=\"widget\" data-settings=\"{&quot;anim_loop&quot;:&quot;yes&quot;}\" data-widget_type=\"wpr-advanced-text.default\">\n\t\t\t\t<div class=\"elementor-widget-container\">\n\t\t\t\n\t\t<h3 class=\"wpr-advanced-text\">\n\n\t\t\t\t\t\n\t\t\t\t\t\t\t<span class=\"wpr-advanced-text-preffix\">Efeser<br> Plastik<br><\/span>\n\t\t\t\n\t\t<span class=\"wpr-anim-text wpr-anim-text-type-typing wpr-anim-text-letters\" data-anim-duration=\"200,2000\" data-anim-loop=\"yes\">\n\t\t\t<span class=\"wpr-anim-text-inner\">\n\t\t\t\t\t\t\t\t\t<b>Teknoloji<\/b>\n\t\t\t\t\t\t\t\t\t<b>\u00c7\u00f6z\u00fcm<\/b>\n\t\t\t\t\t\t\t\t\t<b>Yenilik<\/b>\n\t\t\t\t\t\t\t\t\t<b>Sonu\u00e7<\/b>\n\t\t\t\t\t\t\t<\/span>\n\t\t\t<span class=\"wpr-anim-text-cursor\">|<\/span>\t\t<\/span>\n\n\t\t\t\t\n\t\t<\/h3>\n\t\t\n\t\t\t\t<\/div>\n\t\t\t\t<\/div>\n\t\t\t\t<div class=\"elementor-element elementor-element-0e6b0ce elementor-widget__width-initial elementor-widget elementor-widget-text-editor\" data-id=\"0e6b0ce\" data-element_type=\"widget\" data-widget_type=\"text-editor.default\">\n\t\t\t\t<div class=\"elementor-widget-container\">\n\t\t\t\t\t\t\t<p><strong>Odakl\u0131y\u0131z<\/strong><\/p>\t\t\t\t\t\t<\/div>\n\t\t\t\t<\/div>\n\t\t\t\t<div class=\"elementor-element elementor-element-a566779 elementor-widget__width-initial wpr-button-icon-style-inline wpr-button-icon-position-right elementor-widget elementor-widget-wpr-button\" data-id=\"a566779\" data-element_type=\"widget\" data-widget_type=\"wpr-button.default\">\n\t\t\t\t<div class=\"elementor-widget-container\">\n\t\t\t\t\n\t\t\t\n\t\t\n\t\t<div class=\"wpr-button-wrap elementor-clearfix\">\n\t\t<a class=\"wpr-button wpr-button-effect wpr-button-none\" data-text=\"Go\" href=\"http:\/\/efeserplastik.com\/?page_id=12\">\n\t\t\t\n\t\t\t<span class=\"wpr-button-content\">\n\t\t\t\t\t\t\t\t\t<span class=\"wpr-button-text\">\u0130leti\u015fim<\/span>\n\t\t\t\t\t\t\t\t\n\t\t\t\t\t\t\t<\/span>\n\t\t<\/a>\n\n\t\t\t\t<\/div>\n\t\n\t\n\t\t\t<\/div>\n\t\t\t\t<\/div>\n\t\t\t\t<\/div>\n\t\t\t\t\t<\/div>\n\t\t\t\t<\/div>\n\t\t\t\t<\/div>\n\t\t<div class=\"elementor-element elementor-element-135015f e-con-full e-flex wpr-particle-no wpr-jarallax-no wpr-parallax-no wpr-sticky-section-no e-con e-parent\" data-id=\"135015f\" data-element_type=\"container\">\n\t\t<div class=\"elementor-element elementor-element-4d127f8 e-flex e-con-boxed wpr-particle-no wpr-jarallax-no wpr-parallax-no wpr-sticky-section-no e-con e-child\" data-id=\"4d127f8\" data-element_type=\"container\" data-settings=\"{&quot;background_background&quot;:&quot;classic&quot;}\">\n\t\t\t\t\t<div class=\"e-con-inner\">\n\t\t<div class=\"elementor-element elementor-element-908e099 e-flex e-con-boxed wpr-particle-no wpr-jarallax-no wpr-parallax-no wpr-sticky-section-no e-con e-child\" data-id=\"908e099\" data-element_type=\"container\">\n\t\t\t\t\t<div class=\"e-con-inner\">\n\t\t\t\t<div class=\"elementor-element elementor-element-a9f690e elementor-widget elementor-widget-heading\" data-id=\"a9f690e\" data-element_type=\"widget\" data-widget_type=\"heading.default\">\n\t\t\t\t<div class=\"elementor-widget-container\">\n\t\t\t<h2 class=\"elementor-heading-title elementor-size-default\">AYRICALIKLARI B\u0130Z\u0130MLE \n <br> YA\u015eAYIN !<\/h2>\t\t<\/div>\n\t\t\t\t<\/div>\n\t\t\t\t\t<\/div>\n\t\t\t\t<\/div>\n\t\t<div class=\"elementor-element elementor-element-53d5652 e-flex e-con-boxed wpr-particle-no wpr-jarallax-no wpr-parallax-no wpr-sticky-section-no e-con e-child\" data-id=\"53d5652\" data-element_type=\"container\">\n\t\t\t\t\t<div class=\"e-con-inner\">\n\t\t\t\t<div class=\"elementor-element elementor-element-21498ca wpr-tabs-position-left elementor-widget-laptop__width-initial wpr-tabs-icon-position-left elementor-widget elementor-widget-wpr-tabs\" data-id=\"21498ca\" data-element_type=\"widget\" data-settings=\"{&quot;tab_transition_duration&quot;:0.1}\" data-widget_type=\"wpr-tabs.default\">\n\t\t\t\t<div class=\"elementor-widget-container\">\n\t\t\t\t\t\n\t\t<div class=\"wpr-tabs\" data-options=\"{&quot;activeTab&quot;:1,&quot;trigger&quot;:&quot;click&quot;,&quot;autoplay&quot;:&quot;&quot;,&quot;autoplaySpeed&quot;:0}\">\n\t\t\t\n\t\t\t<div class=\"wpr-tabs-wrap\">\n\t\t\t\t\n\t\t\t\t<div id=\"wpr-tab-3491\" class=\"wpr-tab elementor-repeater-item-dbbf0bc\" data-tab=\"1\">\n\t\t\t\t\t\n\t\t\t\t\t\t\t\t\t\t<div class=\"wpr-tab-title\">ZENG\u0130N \u00dcR\u00dcN PORTF\u00d6Y\u00dc<\/div>\n\t\t\t\t\t\n\t\t\t\t\t\t\t\t\t\n\t\t\t\t<\/div>\n\n\t\t\t\t\n\t\t\t\t<div id=\"wpr-tab-3492\" class=\"wpr-tab elementor-repeater-item-144e6bd\" data-tab=\"2\">\n\t\t\t\t\t\n\t\t\t\t\t\t\t\t\t\t<div class=\"wpr-tab-title\">PROFESYONEL KADRO<\/div>\n\t\t\t\t\t\n\t\t\t\t\t\t\t\t\t\n\t\t\t\t<\/div>\n\n\t\t\t\t\n\t\t\t\t<div id=\"wpr-tab-3493\" class=\"wpr-tab elementor-repeater-item-0a6acd8\" data-tab=\"3\">\n\t\t\t\t\t\n\t\t\t\t\t\t\t\t\t\t<div class=\"wpr-tab-title\">G\u00dcVEN\u0130N\u0130Z AYNAMIZDIR<\/div>\n\t\t\t\t\t\n\t\t\t\t\t\t\t\t\t\n\t\t\t\t<\/div>\n\n\t\t\t\t\t\t\t<\/div>\n\n\t\t\t<div class=\"wpr-tabs-content-wrap\">\n\t\t\t\t\n\t\t\t\t<div id=\"wpr-tab-content-3491\" class=\"wpr-tab-content elementor-repeater-item-dbbf0bc\" data-tab=\"1\">\n\t\t\t\t\t<div class=\"wpr-tab-content-inner elementor-clearfix wpr-anim-size-large wpr-overlay-fade-in\"><div class=\"mceTemp\">\u00a0<\/div><p><img fetchpriority=\"high\" decoding=\"async\" class=\"size-medium wp-image-1166 alignleft\" src=\"http:\/\/efeserplastik.com\/wp-content\/uploads\/2024\/11\/Col1-300x200.jpg\" alt=\"\" width=\"300\" height=\"200\" srcset=\"https:\/\/efeserplastik.com\/wp-content\/uploads\/2024\/11\/Col1-300x200.jpg 300w, https:\/\/efeserplastik.com\/wp-content\/uploads\/2024\/11\/Col1-1024x683.jpg 1024w, https:\/\/efeserplastik.com\/wp-content\/uploads\/2024\/11\/Col1-768x512.jpg 768w, https:\/\/efeserplastik.com\/wp-content\/uploads\/2024\/11\/Col1.jpg 1500w\" sizes=\"(max-width: 300px) 100vw, 300px\" \/><\/p><p>Efeser Plastik Ambalaj \u0130th. \u0130hr. San. ve Tic. Ltd. \u015eti.olarak d\u00fcnyan\u0131n d\u00f6rt bir yan\u0131na \u00fcretti\u011fimiz kaliteli ve g\u00fcvenilir ambalaj malzemeleri \u00fcretip g\u00f6nderiyoruz. Planl\u0131 ve s\u00fcrd\u00fcr\u00fclebilir b\u00fcy\u00fcmeyle yolumuza her zamankinden daha g\u00fc\u00e7l\u00fc ve h\u0131zl\u0131 devam ediyoruz. Ak\u0131lc\u0131 y\u00f6netim, bilin\u00e7li ekip ve s\u0131k\u0131 \u00e7al\u0131\u015fmayla, daima yeni teknolojilere yat\u0131r\u0131m yaparak \u00fcretkenlik ve kaliteyle birlikte \u00fcr\u00fcn \u00e7e\u015fitlili\u011fini de stratejik olarak art\u0131r\u0131yoruz.<\/p><p>Esnek ambalaj ve bariyer filmler konusunda uzman kadromuz, \u00e7ok katl\u0131 esnek ambalaj \u00e7\u00f6z\u00fcmleriyle T\u00fcrkiye\u2019nin ve d\u00fcnyan\u0131n \u00f6nde gelen markalar\u0131na kaliteli ambalaj \u00e7\u00f6z\u00fcmleri sunarak hizmet vermek \u00f6ncelikli hedefimiz.<\/p><p>\u00dcretimlerimizde kaliteli, \u00e7evreye duyarl\u0131 ve ekolojik a\u00e7\u0131dan s\u00fcrd\u00fcr\u00fclebilir \u00e7\u00f6z\u00fcmler geli\u015ftiriyor, geri d\u00f6n\u00fc\u015ft\u00fcr\u00fclebilir sterilizasyona uygun ambalaj geli\u015ftirmek ilk hedefimiz.<\/p><\/div>\t\t\t\t<\/div>\n\n\t\t\t\t\n\t\t\t\t<div id=\"wpr-tab-content-3492\" class=\"wpr-tab-content elementor-repeater-item-144e6bd\" data-tab=\"2\">\n\t\t\t\t\t<div class=\"wpr-tab-content-inner elementor-clearfix wpr-anim-size-large wpr-overlay-fade-in\"><p><img decoding=\"async\" class=\"size-medium wp-image-1167 alignleft\" src=\"http:\/\/efeserplastik.com\/wp-content\/uploads\/2024\/11\/Col2-300x200.jpg\" alt=\"\" width=\"300\" height=\"200\" srcset=\"https:\/\/efeserplastik.com\/wp-content\/uploads\/2024\/11\/Col2-300x200.jpg 300w, https:\/\/efeserplastik.com\/wp-content\/uploads\/2024\/11\/Col2-1024x683.jpg 1024w, https:\/\/efeserplastik.com\/wp-content\/uploads\/2024\/11\/Col2-768x512.jpg 768w, https:\/\/efeserplastik.com\/wp-content\/uploads\/2024\/11\/Col2.jpg 1500w\" sizes=\"(max-width: 300px) 100vw, 300px\" \/><\/p><p>Efeser Plastik Ambalaj \u0130th. \u0130hr. San. ve Tic. Ltd. \u015eti. olarak m\u00fc\u015fterilerimize daha iyi hizmet ve daha kaliteli \u00fcr\u00fcnler sunmak i\u00e7in g\u00f6sterdi\u011fimiz \u00e7aban\u0131n temelinde kar\u015f\u0131l\u0131kl\u0131 g\u00fcven prensibine dayanan inanc\u0131m\u0131z yatmaktad\u0131r.<br \/>Faaliyete ba\u015flad\u0131\u011f\u0131m\u0131z ilk g\u00fcnden beri bu g\u00fcven esasl\u0131 yakla\u015f\u0131mla hareket ediyor, T\u00fcrkiye\u2019nin \u00f6nde gelen firmalar\u0131ndan biri olma yolunda emin ad\u0131mlarla h\u0131zla ilerliyoruz.<\/p><\/div>\t\t\t\t<\/div>\n\n\t\t\t\t\n\t\t\t\t<div id=\"wpr-tab-content-3493\" class=\"wpr-tab-content elementor-repeater-item-0a6acd8\" data-tab=\"3\">\n\t\t\t\t\t<div class=\"wpr-tab-content-inner elementor-clearfix wpr-anim-size-large wpr-overlay-fade-in\"><p><img decoding=\"async\" class=\"size-medium wp-image-1168 alignleft\" src=\"http:\/\/efeserplastik.com\/wp-content\/uploads\/2024\/11\/Col3-300x200.jpg\" alt=\"\" width=\"300\" height=\"200\" srcset=\"https:\/\/efeserplastik.com\/wp-content\/uploads\/2024\/11\/Col3-300x200.jpg 300w, https:\/\/efeserplastik.com\/wp-content\/uploads\/2024\/11\/Col3-1024x683.jpg 1024w, https:\/\/efeserplastik.com\/wp-content\/uploads\/2024\/11\/Col3-768x512.jpg 768w, https:\/\/efeserplastik.com\/wp-content\/uploads\/2024\/11\/Col3.jpg 1500w\" sizes=\"(max-width: 300px) 100vw, 300px\" \/><\/p><p>Efeser Plastik Ambalaj \u0130th. \u0130hr. San. ve Tic. Ltd. \u015eti. olarak m\u00fc\u015fterilerimize daha iyi hizmet ve daha kaliteli \u00fcr\u00fcnler sunmak i\u00e7in g\u00f6sterdi\u011fimiz \u00e7aban\u0131n temelinde kar\u015f\u0131l\u0131kl\u0131 g\u00fcven prensibine dayanan inanc\u0131m\u0131z yatmaktad\u0131r.<br \/>Faaliyete ba\u015flad\u0131\u011f\u0131m\u0131z ilk g\u00fcnden beri bu g\u00fcven esasl\u0131 yakla\u015f\u0131mla hareket ediyor, T\u00fcrkiye\u2019nin \u00f6nde gelen firmalar\u0131ndan biri olma yolunda emin ad\u0131mlarla h\u0131zla ilerliyoruz.<\/p><\/div>\t\t\t\t<\/div>\n\n\t\t\t\t\t\t\t<\/div>\n\n\t\t<\/div>\n\n\t\t\t\t<\/div>\n\t\t\t\t<\/div>\n\t\t\t\t\t<\/div>\n\t\t\t\t<\/div>\n\t\t\t\t\t<\/div>\n\t\t\t\t<\/div>\n\t\t\t\t<\/div>\n\t\t\t\t<\/div>\n\t\t","protected":false},"excerpt":{"rendered":"<p>Efeser Plastik Teknoloji \u00c7\u00f6z\u00fcm Yenilik Sonu\u00e7 | Odakl\u0131y\u0131z \u0130leti\u015fim AYRICALIKLARI B\u0130Z\u0130MLE YA\u015eAYIN ! ZENG\u0130N \u00dcR\u00dcN PORTF\u00d6Y\u00dc PROFESYONEL KADRO G\u00dcVEN\u0130N\u0130Z AYNAMIZDIR \u00a0 Efeser Plastik Ambalaj \u0130th. \u0130hr. San. ve Tic. Ltd. \u015eti.olarak d\u00fcnyan\u0131n d\u00f6rt bir yan\u0131na \u00fcretti\u011fimiz kaliteli ve g\u00fcvenilir ambalaj malzemeleri \u00fcretip g\u00f6nderiyoruz. Planl\u0131 ve s\u00fcrd\u00fcr\u00fclebilir b\u00fcy\u00fcmeyle yolumuza her zamankinden daha g\u00fc\u00e7l\u00fc ve h\u0131zl\u0131 devam ediyoruz. Ak\u0131lc\u0131 y\u00f6netim, bilin\u00e7li ekip ve s\u0131k\u0131 \u00e7al\u0131\u015fmayla, daima yeni teknolojilere yat\u0131r\u0131m yaparak \u00fcretkenlik ve kaliteyle birlikte \u00fcr\u00fcn \u00e7e\u015fitlili\u011fini de stratejik olarak art\u0131r\u0131yoruz. Esnek ambalaj ve bariyer filmler konusunda uzman kadromuz, \u00e7ok katl\u0131 esnek ambalaj \u00e7\u00f6z\u00fcmleriyle T\u00fcrkiye\u2019nin ve d\u00fcnyan\u0131n \u00f6nde gelen markalar\u0131na kaliteli ambalaj \u00e7\u00f6z\u00fcmleri sunarak hizmet vermek \u00f6ncelikli hedefimiz. \u00dcretimlerimizde kaliteli, \u00e7evreye duyarl\u0131 ve ekolojik a\u00e7\u0131dan s\u00fcrd\u00fcr\u00fclebilir \u00e7\u00f6z\u00fcmler geli\u015ftiriyor, geri d\u00f6n\u00fc\u015ft\u00fcr\u00fclebilir sterilizasyona uygun ambalaj geli\u015ftirmek ilk hedefimiz. Efeser Plastik Ambalaj \u0130th. \u0130hr. San. ve Tic. Ltd. \u015eti. olarak m\u00fc\u015fterilerimize daha iyi hizmet ve daha kaliteli \u00fcr\u00fcnler sunmak i\u00e7in g\u00f6sterdi\u011fimiz \u00e7aban\u0131n temelinde kar\u015f\u0131l\u0131kl\u0131 g\u00fcven prensibine dayanan inanc\u0131m\u0131z yatmaktad\u0131r.Faaliyete ba\u015flad\u0131\u011f\u0131m\u0131z ilk g\u00fcnden beri bu g\u00fcven esasl\u0131 yakla\u015f\u0131mla hareket ediyor, T\u00fcrkiye\u2019nin \u00f6nde gelen firmalar\u0131ndan biri olma yolunda emin ad\u0131mlarla h\u0131zla ilerliyoruz. Efeser Plastik Ambalaj \u0130th. \u0130hr. San. ve Tic. Ltd. \u015eti. olarak m\u00fc\u015fterilerimize daha iyi hizmet ve daha kaliteli \u00fcr\u00fcnler sunmak i\u00e7in g\u00f6sterdi\u011fimiz \u00e7aban\u0131n temelinde kar\u015f\u0131l\u0131kl\u0131 g\u00fcven prensibine dayanan inanc\u0131m\u0131z yatmaktad\u0131r.Faaliyete ba\u015flad\u0131\u011f\u0131m\u0131z ilk g\u00fcnden beri bu g\u00fcven esasl\u0131 yakla\u015f\u0131mla hareket ediyor, T\u00fcrkiye\u2019nin \u00f6nde gelen firmalar\u0131ndan biri olma yolunda emin ad\u0131mlarla h\u0131zla ilerliyoruz.<\/p>\n","protected":false},"author":1,"featured_media":0,"parent":0,"menu_order":0,"comment_status":"closed","ping_status":"closed","template":"elementor_canvas","meta":{"footnotes":""},"class_list":["post-7","page","type-page","status-publish","hentry"],"_links":{"self":[{"href":"https:\/\/efeserplastik.com\/index.php?rest_route=\/wp\/v2\/pages\/7","targetHints":{"allow":["GET"]}}],"collection":[{"href":"https:\/\/efeserplastik.com\/index.php?rest_route=\/wp\/v2\/pages"}],"about":[{"href":"https:\/\/efeserplastik.com\/index.php?rest_route=\/wp\/v2\/types\/page"}],"author":[{"embeddable":true,"href":"https:\/\/efeserplastik.com\/index.php?rest_route=\/wp\/v2\/users\/1"}],"replies":[{"embeddable":true,"href":"https:\/\/efeserplastik.com\/index.php?rest_route=%2Fwp%2Fv2%2Fcomments&post=7"}],"version-history":[{"count":94,"href":"https:\/\/efeserplastik.com\/index.php?rest_route=\/wp\/v2\/pages\/7\/revisions"}],"predecessor-version":[{"id":1529,"href":"https:\/\/efeserplastik.com\/index.php?rest_route=\/wp\/v2\/pages\/7\/revisions\/1529"}],"wp:attachment":[{"href":"https:\/\/efeserplastik.com\/index.php?rest_route=%2Fwp%2Fv2%2Fmedia&parent=7"}],"curies":[{"name":"wp","href":"https:\/\/api.w.org\/{rel}","templated":true}]}}