{"id":1712,"date":"2026-02-19T21:07:47","date_gmt":"2026-02-19T21:07:47","guid":{"rendered":"https:\/\/efeserplastik.com\/?page_id=1712"},"modified":"2026-02-19T21:11:10","modified_gmt":"2026-02-19T21:11:10","slug":"urunler","status":"publish","type":"page","link":"https:\/\/efeserplastik.com\/?page_id=1712","title":{"rendered":"\u00dcr\u00fcnler"},"content":{"rendered":"\t\t<div data-elementor-type=\"wp-page\" data-elementor-id=\"1712\" class=\"elementor elementor-1712\">\n\t\t\t\t<div class=\"elementor-element elementor-element-2cdb03f e-flex e-con-boxed wpr-particle-no wpr-jarallax-no wpr-parallax-no wpr-sticky-section-no e-con e-parent\" data-id=\"2cdb03f\" data-element_type=\"container\">\n\t\t\t\t\t<div class=\"e-con-inner\">\n\t\t\t\t<div class=\"elementor-element elementor-element-2a0098a elementor-widget elementor-widget-heading\" data-id=\"2a0098a\" data-element_type=\"widget\" data-widget_type=\"heading.default\">\n\t\t\t\t<div class=\"elementor-widget-container\">\n\t\t\t<h2 class=\"elementor-heading-title elementor-size-default\">\u00dcr\u00fcnler<\/h2>\t\t<\/div>\n\t\t\t\t<\/div>\n\t\t\t\t\t<\/div>\n\t\t\t\t<\/div>\n\t\t<div class=\"elementor-element elementor-element-6b4a8da e-flex e-con-boxed wpr-particle-no wpr-jarallax-no wpr-parallax-no wpr-sticky-section-no e-con e-parent\" data-id=\"6b4a8da\" data-element_type=\"container\">\n\t\t\t\t\t<div class=\"e-con-inner\">\n\t\t\t\t<div class=\"elementor-element elementor-element-59b6619 wpr-button-icon-style-inline wpr-button-icon-position-right elementor-widget elementor-widget-wpr-button\" data-id=\"59b6619\" data-element_type=\"widget\" data-widget_type=\"wpr-button.default\">\n\t\t\t\t<div class=\"elementor-widget-container\">\n\t\t\t\t\n\t\t\t\n\t\t\n\t\t<div class=\"wpr-button-wrap elementor-clearfix\">\n\t\t<a class=\"wpr-button wpr-button-effect wpr-button-none\" data-text=\"Go\" href=\"http:\/\/efeserplastik.com\/wp-content\/uploads\/2025\/11\/EFESER_KATALOG.pdf\">\n\t\t\t\n\t\t\t<span class=\"wpr-button-content\">\n\t\t\t\t\t\t\t\t\t<span class=\"wpr-button-text\">\u00dcr\u00fcn Katalo\u011fu i\u00e7in t\u0131klay\u0131n\u0131z<\/span>\n\t\t\t\t\t\t\t\t\n\t\t\t\t\t\t\t\t\t<span class=\"wpr-button-icon\"><svg class=\"e-font-icon-svg e-fas-angle-right\" viewBox=\"0 0 256 512\" xmlns=\"http:\/\/www.w3.org\/2000\/svg\"><path d=\"M224.3 273l-136 136c-9.4 9.4-24.6 9.4-33.9 0l-22.6-22.6c-9.4-9.4-9.4-24.6 0-33.9l96.4-96.4-96.4-96.4c-9.4-9.4-9.4-24.6 0-33.9L54.3 103c9.4-9.4 24.6-9.4 33.9 0l136 136c9.5 9.4 9.5 24.6.1 34z\"><\/path><\/svg><\/span>\n\t\t\t\t\t\t\t<\/span>\n\t\t<\/a>\n\n\t\t\t\t<\/div>\n\t\n\t\n\t\t\t<\/div>\n\t\t\t\t<\/div>\n\t\t\t\t\t<\/div>\n\t\t\t\t<\/div>\n\t\t<div class=\"elementor-element elementor-element-3b3901b e-grid e-con-boxed wpr-particle-no wpr-jarallax-no wpr-parallax-no wpr-sticky-section-no e-con e-parent\" data-id=\"3b3901b\" data-element_type=\"container\">\n\t\t\t\t\t<div class=\"e-con-inner\">\n\t\t\t\t<div class=\"elementor-element elementor-element-91ae3f1 elementor-widget elementor-widget-image\" data-id=\"91ae3f1\" data-element_type=\"widget\" data-widget_type=\"image.default\">\n\t\t\t\t<div class=\"elementor-widget-container\">\n\t\t\t\t\t\t\t\t\t\t<figure class=\"wp-caption\">\n\t\t\t\t\t\t\t\t\t\t\t<a href=\"https:\/\/efeserplastik.com\/?page_id=1579\">\n\t\t\t\t\t\t\t<img fetchpriority=\"high\" decoding=\"async\" width=\"300\" height=\"300\" src=\"https:\/\/efeserplastik.com\/wp-content\/uploads\/2026\/02\/cop-torbasi-endjumbo-80x110-370-gp-eko-kolisiz-gr-20-li-2606117290428-sw600sh600-300x300.webp\" class=\"attachment-medium size-medium wp-image-1714\" alt=\"\" srcset=\"https:\/\/efeserplastik.com\/wp-content\/uploads\/2026\/02\/cop-torbasi-endjumbo-80x110-370-gp-eko-kolisiz-gr-20-li-2606117290428-sw600sh600-300x300.webp 300w, https:\/\/efeserplastik.com\/wp-content\/uploads\/2026\/02\/cop-torbasi-endjumbo-80x110-370-gp-eko-kolisiz-gr-20-li-2606117290428-sw600sh600-150x150.webp 150w, https:\/\/efeserplastik.com\/wp-content\/uploads\/2026\/02\/cop-torbasi-endjumbo-80x110-370-gp-eko-kolisiz-gr-20-li-2606117290428-sw600sh600-768x768.webp 768w, https:\/\/efeserplastik.com\/wp-content\/uploads\/2026\/02\/cop-torbasi-endjumbo-80x110-370-gp-eko-kolisiz-gr-20-li-2606117290428-sw600sh600.webp 1024w\" sizes=\"(max-width: 300px) 100vw, 300px\" \/>\t\t\t\t\t\t\t\t<\/a>\n\t\t\t\t\t\t\t\t\t\t\t<figcaption class=\"widget-image-caption wp-caption-text\">\u00c7\u00f6p Torbas\u0131<\/figcaption>\n\t\t\t\t\t\t\t\t\t\t<\/figure>\n\t\t\t\t\t\t\t<\/div>\n\t\t\t\t<\/div>\n\t\t\t\t<div class=\"elementor-element elementor-element-d0b6a89 elementor-widget elementor-widget-image\" data-id=\"d0b6a89\" data-element_type=\"widget\" data-widget_type=\"image.default\">\n\t\t\t\t<div class=\"elementor-widget-container\">\n\t\t\t\t\t\t\t\t\t\t<figure class=\"wp-caption\">\n\t\t\t\t\t\t\t\t\t\t\t<a href=\"https:\/\/efeserplastik.com\/?page_id=1579\">\n\t\t\t\t\t\t\t<img decoding=\"async\" width=\"225\" height=\"300\" src=\"https:\/\/efeserplastik.com\/wp-content\/uploads\/2025\/12\/536553-2-225x300.png\" class=\"attachment-medium size-medium wp-image-1688\" alt=\"\" srcset=\"https:\/\/efeserplastik.com\/wp-content\/uploads\/2025\/12\/536553-2-225x300.png 225w, https:\/\/efeserplastik.com\/wp-content\/uploads\/2025\/12\/536553-2.png 469w\" sizes=\"(max-width: 225px) 100vw, 225px\" \/>\t\t\t\t\t\t\t\t<\/a>\n\t\t\t\t\t\t\t\t\t\t\t<figcaption class=\"widget-image-caption wp-caption-text\">D\u00f6ner Strech Film<\/figcaption>\n\t\t\t\t\t\t\t\t\t\t<\/figure>\n\t\t\t\t\t\t\t<\/div>\n\t\t\t\t<\/div>\n\t\t\t\t<div class=\"elementor-element elementor-element-ce0071c elementor-widget elementor-widget-image\" data-id=\"ce0071c\" data-element_type=\"widget\" data-widget_type=\"image.default\">\n\t\t\t\t<div class=\"elementor-widget-container\">\n\t\t\t\t\t\t\t\t\t\t<figure class=\"wp-caption\">\n\t\t\t\t\t\t\t\t\t\t\t<a href=\"https:\/\/efeserplastik.com\/?page_id=1640\">\n\t\t\t\t\t\t\t<img decoding=\"async\" width=\"960\" height=\"720\" src=\"https:\/\/efeserplastik.com\/wp-content\/uploads\/2025\/12\/17328810648511b9-1024x768.jpg\" class=\"attachment-large size-large wp-image-1651\" alt=\"\" srcset=\"https:\/\/efeserplastik.com\/wp-content\/uploads\/2025\/12\/17328810648511b9-1024x768.jpg 1024w, https:\/\/efeserplastik.com\/wp-content\/uploads\/2025\/12\/17328810648511b9-300x225.jpg 300w, https:\/\/efeserplastik.com\/wp-content\/uploads\/2025\/12\/17328810648511b9-768x576.jpg 768w, https:\/\/efeserplastik.com\/wp-content\/uploads\/2025\/12\/17328810648511b9.jpg 1520w\" sizes=\"(max-width: 960px) 100vw, 960px\" \/>\t\t\t\t\t\t\t\t<\/a>\n\t\t\t\t\t\t\t\t\t\t\t<figcaption class=\"widget-image-caption wp-caption-text\">Et \u00dcr\u00fcnleri Kasalar\u0131<\/figcaption>\n\t\t\t\t\t\t\t\t\t\t<\/figure>\n\t\t\t\t\t\t\t<\/div>\n\t\t\t\t<\/div>\n\t\t\t\t<div class=\"elementor-element elementor-element-880f4c5 elementor-widget elementor-widget-image\" data-id=\"880f4c5\" data-element_type=\"widget\" data-widget_type=\"image.default\">\n\t\t\t\t<div class=\"elementor-widget-container\">\n\t\t\t\t\t\t\t\t\t\t<figure class=\"wp-caption\">\n\t\t\t\t\t\t\t\t\t\t\t<a href=\"https:\/\/efeserplastik.com\/?page_id=1582\">\n\t\t\t\t\t\t\t<img loading=\"lazy\" decoding=\"async\" width=\"300\" height=\"300\" src=\"https:\/\/efeserplastik.com\/wp-content\/uploads\/2025\/12\/gastronom-kuvet-e265-b325-h80-300x300.png\" class=\"attachment-medium size-medium wp-image-1636\" alt=\"\" srcset=\"https:\/\/efeserplastik.com\/wp-content\/uploads\/2025\/12\/gastronom-kuvet-e265-b325-h80-300x300.png 300w, https:\/\/efeserplastik.com\/wp-content\/uploads\/2025\/12\/gastronom-kuvet-e265-b325-h80-150x150.png 150w, https:\/\/efeserplastik.com\/wp-content\/uploads\/2025\/12\/gastronom-kuvet-e265-b325-h80-768x768.png 768w, https:\/\/efeserplastik.com\/wp-content\/uploads\/2025\/12\/gastronom-kuvet-e265-b325-h80.png 810w\" sizes=\"(max-width: 300px) 100vw, 300px\" \/>\t\t\t\t\t\t\t\t<\/a>\n\t\t\t\t\t\t\t\t\t\t\t<figcaption class=\"widget-image-caption wp-caption-text\">Gastroform K\u00fcvet<\/figcaption>\n\t\t\t\t\t\t\t\t\t\t<\/figure>\n\t\t\t\t\t\t\t<\/div>\n\t\t\t\t<\/div>\n\t\t\t\t<div class=\"elementor-element elementor-element-af85797 elementor-widget elementor-widget-image\" data-id=\"af85797\" data-element_type=\"widget\" data-widget_type=\"image.default\">\n\t\t\t\t<div class=\"elementor-widget-container\">\n\t\t\t\t\t\t\t\t\t\t<figure class=\"wp-caption\">\n\t\t\t\t\t\t\t\t\t\t\t<a href=\"https:\/\/efeserplastik.com\/?page_id=8\">\n\t\t\t\t\t\t\t<img loading=\"lazy\" decoding=\"async\" width=\"240\" height=\"300\" src=\"https:\/\/efeserplastik.com\/wp-content\/uploads\/2025\/12\/WhatsApp-Image-2025-12-16-at-14.16.50-240x300.jpeg\" class=\"attachment-medium size-medium wp-image-1661\" alt=\"\" srcset=\"https:\/\/efeserplastik.com\/wp-content\/uploads\/2025\/12\/WhatsApp-Image-2025-12-16-at-14.16.50-240x300.jpeg 240w, https:\/\/efeserplastik.com\/wp-content\/uploads\/2025\/12\/WhatsApp-Image-2025-12-16-at-14.16.50-819x1024.jpeg 819w, https:\/\/efeserplastik.com\/wp-content\/uploads\/2025\/12\/WhatsApp-Image-2025-12-16-at-14.16.50-768x960.jpeg 768w, https:\/\/efeserplastik.com\/wp-content\/uploads\/2025\/12\/WhatsApp-Image-2025-12-16-at-14.16.50-1229x1536.jpeg 1229w, https:\/\/efeserplastik.com\/wp-content\/uploads\/2025\/12\/WhatsApp-Image-2025-12-16-at-14.16.50.jpeg 1280w\" sizes=\"(max-width: 240px) 100vw, 240px\" \/>\t\t\t\t\t\t\t\t<\/a>\n\t\t\t\t\t\t\t\t\t\t\t<figcaption class=\"widget-image-caption wp-caption-text\">Pastik D\u00f6ner Taba\u011f\u0131<\/figcaption>\n\t\t\t\t\t\t\t\t\t\t<\/figure>\n\t\t\t\t\t\t\t<\/div>\n\t\t\t\t<\/div>\n\t\t\t\t\t<\/div>\n\t\t\t\t<\/div>\n\t\t\t\t<\/div>\n\t\t","protected":false},"excerpt":{"rendered":"<p>\u00dcr\u00fcnler \u00dcr\u00fcn Katalo\u011fu i\u00e7in t\u0131klay\u0131n\u0131z \u00c7\u00f6p Torbas\u0131 D\u00f6ner Strech Film Et \u00dcr\u00fcnleri Kasalar\u0131 Gastroform K\u00fcvet Pastik D\u00f6ner Taba\u011f\u0131<\/p>\n","protected":false},"author":1,"featured_media":0,"parent":0,"menu_order":0,"comment_status":"closed","ping_status":"closed","template":"elementor_canvas","meta":{"footnotes":""},"class_list":["post-1712","page","type-page","status-publish","hentry"],"_links":{"self":[{"href":"https:\/\/efeserplastik.com\/index.php?rest_route=\/wp\/v2\/pages\/1712","targetHints":{"allow":["GET"]}}],"collection":[{"href":"https:\/\/efeserplastik.com\/index.php?rest_route=\/wp\/v2\/pages"}],"about":[{"href":"https:\/\/efeserplastik.com\/index.php?rest_route=\/wp\/v2\/types\/page"}],"author":[{"embeddable":true,"href":"https:\/\/efeserplastik.com\/index.php?rest_route=\/wp\/v2\/users\/1"}],"replies":[{"embeddable":true,"href":"https:\/\/efeserplastik.com\/index.php?rest_route=%2Fwp%2Fv2%2Fcomments&post=1712"}],"version-history":[{"count":4,"href":"https:\/\/efeserplastik.com\/index.php?rest_route=\/wp\/v2\/pages\/1712\/revisions"}],"predecessor-version":[{"id":1717,"href":"https:\/\/efeserplastik.com\/index.php?rest_route=\/wp\/v2\/pages\/1712\/revisions\/1717"}],"wp:attachment":[{"href":"https:\/\/efeserplastik.com\/index.php?rest_route=%2Fwp%2Fv2%2Fmedia&parent=1712"}],"curies":[{"name":"wp","href":"https:\/\/api.w.org\/{rel}","templated":true}]}}