{"id":1685,"date":"2025-12-17T14:17:56","date_gmt":"2025-12-17T14:17:56","guid":{"rendered":"https:\/\/efeserplastik.com\/?page_id=1685"},"modified":"2025-12-24T06:37:35","modified_gmt":"2025-12-24T06:37:35","slug":"doner-stretch-film","status":"publish","type":"page","link":"https:\/\/efeserplastik.com\/?page_id=1685","title":{"rendered":"Doner Stretch Film"},"content":{"rendered":"<p class=\"attachment\"><a href='https:\/\/efeserplastik.com\/wp-content\/uploads\/2025\/12\/34333-2.png'><img fetchpriority=\"high\" decoding=\"async\" width=\"225\" height=\"300\" src=\"https:\/\/efeserplastik.com\/wp-content\/uploads\/2025\/12\/34333-2-225x300.png\" class=\"attachment-medium size-medium\" alt=\"\" srcset=\"https:\/\/efeserplastik.com\/wp-content\/uploads\/2025\/12\/34333-2-225x300.png 225w, https:\/\/efeserplastik.com\/wp-content\/uploads\/2025\/12\/34333-2.png 469w\" sizes=\"(max-width: 225px) 100vw, 225px\" \/><\/a><\/p>\n\t\t<div data-elementor-type=\"wp-page\" data-elementor-id=\"1685\" class=\"elementor elementor-1685\">\n\t\t\t\t<div class=\"elementor-element elementor-element-6b4a8da e-flex e-con-boxed wpr-particle-no wpr-jarallax-no wpr-parallax-no wpr-sticky-section-no e-con e-parent\" data-id=\"6b4a8da\" data-element_type=\"container\">\n\t\t\t\t\t<div class=\"e-con-inner\">\n\t\t\t\t<div class=\"elementor-element elementor-element-59b6619 wpr-button-icon-style-inline wpr-button-icon-position-right elementor-widget elementor-widget-wpr-button\" data-id=\"59b6619\" data-element_type=\"widget\" data-widget_type=\"wpr-button.default\">\n\t\t\t\t<div class=\"elementor-widget-container\">\n\t\t\t\t\n\t\t\t\n\t\t\n\t\t<div class=\"wpr-button-wrap elementor-clearfix\">\n\t\t<a class=\"wpr-button wpr-button-effect wpr-button-none\" data-text=\"Go\" href=\"http:\/\/efeserplastik.com\/wp-content\/uploads\/2025\/11\/EFESER_KATALOG.pdf\">\n\t\t\t\n\t\t\t<span class=\"wpr-button-content\">\n\t\t\t\t\t\t\t\t\t<span class=\"wpr-button-text\">\u00dcr\u00fcn Katalo\u011fu i\u00e7in t\u0131klay\u0131n\u0131z<\/span>\n\t\t\t\t\t\t\t\t\n\t\t\t\t\t\t\t\t\t<span class=\"wpr-button-icon\"><svg class=\"e-font-icon-svg e-fas-angle-right\" viewBox=\"0 0 256 512\" xmlns=\"http:\/\/www.w3.org\/2000\/svg\"><path d=\"M224.3 273l-136 136c-9.4 9.4-24.6 9.4-33.9 0l-22.6-22.6c-9.4-9.4-9.4-24.6 0-33.9l96.4-96.4-96.4-96.4c-9.4-9.4-9.4-24.6 0-33.9L54.3 103c9.4-9.4 24.6-9.4 33.9 0l136 136c9.5 9.4 9.5 24.6.1 34z\"><\/path><\/svg><\/span>\n\t\t\t\t\t\t\t<\/span>\n\t\t<\/a>\n\n\t\t\t\t<\/div>\n\t\n\t\n\t\t\t<\/div>\n\t\t\t\t<\/div>\n\t\t\t\t\t<\/div>\n\t\t\t\t<\/div>\n\t\t<div class=\"elementor-element elementor-element-8364db1 e-flex e-con-boxed wpr-particle-no wpr-jarallax-no wpr-parallax-no wpr-sticky-section-no e-con e-parent\" data-id=\"8364db1\" data-element_type=\"container\">\n\t\t\t\t\t<div class=\"e-con-inner\">\n\t\t\t\t<div class=\"elementor-element elementor-element-fe7a0c6 elementor-widget-divider--view-line elementor-widget elementor-widget-divider\" data-id=\"fe7a0c6\" data-element_type=\"widget\" data-widget_type=\"divider.default\">\n\t\t\t\t<div class=\"elementor-widget-container\">\n\t\t\t\t\t<div class=\"elementor-divider\">\n\t\t\t<span class=\"elementor-divider-separator\">\n\t\t\t\t\t\t<\/span>\n\t\t<\/div>\n\t\t\t\t<\/div>\n\t\t\t\t<\/div>\n\t\t\t\t\t<\/div>\n\t\t\t\t<\/div>\n\t\t\t\t<section class=\"elementor-section elementor-top-section elementor-element elementor-element-a281abf elementor-section-boxed elementor-section-height-default elementor-section-height-default wpr-particle-no wpr-jarallax-no wpr-parallax-no wpr-sticky-section-no\" data-id=\"a281abf\" data-element_type=\"section\">\n\t\t\t\t\t\t<div class=\"elementor-container elementor-column-gap-default\">\n\t\t\t\t\t<div class=\"elementor-column elementor-col-100 elementor-top-column elementor-element elementor-element-ac7d50c\" data-id=\"ac7d50c\" data-element_type=\"column\">\n\t\t\t<div class=\"elementor-widget-wrap elementor-element-populated\">\n\t\t\t\t\t\t<div class=\"elementor-element elementor-element-b4f0353 wpr-grid-slider-columns-2 wpr-grid-slider-columns--tablet1 wpr-grid-slider-columns--laptop1 elementor-widget__width-initial wpr-grid-slider-columns--mobile1 elementor-widget elementor-widget-wpr-media-grid\" data-id=\"b4f0353\" data-element_type=\"widget\" data-settings=\"{&quot;layout_slider_amount&quot;:&quot;2&quot;,&quot;layout_slider_amount_tablet&quot;:&quot;1&quot;,&quot;layout_slider_amount_laptop&quot;:&quot;1&quot;,&quot;layout_slides_to_scroll&quot;:4,&quot;layout_slider_amount_mobile&quot;:1,&quot;layout_slider_rows&quot;:1,&quot;layout_slider_loop&quot;:&quot;yes&quot;}\" data-widget_type=\"wpr-media-grid.default\">\n\t\t\t\t<div class=\"elementor-widget-container\">\n\t\t\t<section class=\"wpr-grid wpr-media-grid elementor-clearfix\" dir=\"ltr\" data-slick=\"{&quot;rtl&quot;:false,&quot;infinite&quot;:true,&quot;speed&quot;:700,&quot;arrows&quot;:true,&quot;dots&quot;:true,&quot;autoplay&quot;:false,&quot;autoplaySpeed&quot;:0,&quot;pauseOnHover&quot;:&quot;&quot;,&quot;prevArrow&quot;:&quot;#wpr-grid-slider-prev-b4f0353&quot;,&quot;nextArrow&quot;:&quot;#wpr-grid-slider-next-b4f0353&quot;,&quot;sliderSlidesToScroll&quot;:4,&quot;sliderRows&quot;:1,&quot;lightbox&quot;:{&quot;selector&quot;:&quot;article:not(.slick-cloned) .wpr-grid-image-wrap&quot;,&quot;iframeMaxWidth&quot;:&quot;60%&quot;,&quot;hash&quot;:false,&quot;autoplay&quot;:&quot;true&quot;,&quot;pause&quot;:5000,&quot;progressBar&quot;:&quot;true&quot;,&quot;counter&quot;:&quot;true&quot;,&quot;controls&quot;:&quot;true&quot;,&quot;getCaptionFromTitleOrAlt&quot;:&quot;true&quot;,&quot;thumbnail&quot;:&quot;&quot;,&quot;showThumbByDefault&quot;:&quot;&quot;,&quot;share&quot;:&quot;&quot;,&quot;zoom&quot;:&quot;true&quot;,&quot;fullScreen&quot;:&quot;true&quot;,&quot;download&quot;:&quot;true&quot;}}\"><article class=\"wpr-grid-item elementor-clearfix post-1687 attachment type-attachment status-inherit hentry\"><div class=\"wpr-grid-item-inner\"><div class=\"wpr-grid-media-wrap wpr-effect-size-small \"><div class=\"wpr-grid-image-wrap\" data-src=\"https:\/\/efeserplastik.com\/wp-content\/uploads\/2025\/12\/536553-1.png\"><img decoding=\"async\" src=\"https:\/\/efeserplastik.com\/wp-content\/uploads\/2025\/12\/536553-1.png\" alt=\"536553 (1)\" class=\"wpr-anim-timing-ease-default\"><\/div><div class=\"wpr-grid-media-hover wpr-animation-wrap\"><div class=\"wpr-grid-media-hover-bg  wpr-overlay-fade-out wpr-anim-size-large wpr-anim-timing-ease-default wpr-anim-transparency\" data-url=\"https:\/\/efeserplastik.com\/?attachment_id=1687\"><\/div><div class=\"wpr-cv-container\"><div class=\"wpr-cv-outer\"><div class=\"wpr-cv-inner\"><div class=\"wpr-grid-media-hover-middle elementor-clearfix\"><div class=\"wpr-grid-item-lightbox elementor-repeater-item-6b61711 wpr-grid-item-display-block wpr-grid-item-align-center wpr-element-fade-in wpr-anim-size-large wpr-anim-timing-ease-default wpr-anim-transparency\"><div class=\"inner-block\"><span data-src=\"https:\/\/efeserplastik.com\/wp-content\/uploads\/2025\/12\/536553-1.png\"><i class=\"fas fa-search\"><\/i><\/span><div class=\"wpr-grid-lightbox-overlay\"><\/div><\/div><\/div><\/div><\/div><\/div><\/div><\/div><\/div><\/div><\/article><article class=\"wpr-grid-item elementor-clearfix post-1688 attachment type-attachment status-inherit hentry\"><div class=\"wpr-grid-item-inner\"><div class=\"wpr-grid-media-wrap wpr-effect-size-small \"><div class=\"wpr-grid-image-wrap\" data-src=\"https:\/\/efeserplastik.com\/wp-content\/uploads\/2025\/12\/536553-2.png\"><img decoding=\"async\" src=\"https:\/\/efeserplastik.com\/wp-content\/uploads\/2025\/12\/536553-2.png\" alt=\"536553 (2)\" class=\"wpr-anim-timing-ease-default\"><\/div><div class=\"wpr-grid-media-hover wpr-animation-wrap\"><div class=\"wpr-grid-media-hover-bg  wpr-overlay-fade-out wpr-anim-size-large wpr-anim-timing-ease-default wpr-anim-transparency\" data-url=\"https:\/\/efeserplastik.com\/?attachment_id=1688\"><\/div><div class=\"wpr-cv-container\"><div class=\"wpr-cv-outer\"><div class=\"wpr-cv-inner\"><div class=\"wpr-grid-media-hover-middle elementor-clearfix\"><div class=\"wpr-grid-item-lightbox elementor-repeater-item-6b61711 wpr-grid-item-display-block wpr-grid-item-align-center wpr-element-fade-in wpr-anim-size-large wpr-anim-timing-ease-default wpr-anim-transparency\"><div class=\"inner-block\"><span data-src=\"https:\/\/efeserplastik.com\/wp-content\/uploads\/2025\/12\/536553-2.png\"><i class=\"fas fa-search\"><\/i><\/span><div class=\"wpr-grid-lightbox-overlay\"><\/div><\/div><\/div><\/div><\/div><\/div><\/div><\/div><\/div><\/div><\/article><article class=\"wpr-grid-item elementor-clearfix post-1673 attachment type-attachment status-inherit hentry\"><div class=\"wpr-grid-item-inner\"><div class=\"wpr-grid-media-wrap wpr-effect-size-small \"><div class=\"wpr-grid-image-wrap\" data-src=\"https:\/\/efeserplastik.com\/wp-content\/uploads\/2025\/12\/34333-2.png\"><img decoding=\"async\" src=\"https:\/\/efeserplastik.com\/wp-content\/uploads\/2025\/12\/34333-2.png\" alt=\"34333 (2)\" class=\"wpr-anim-timing-ease-default\"><\/div><div class=\"wpr-grid-media-hover wpr-animation-wrap\"><div class=\"wpr-grid-media-hover-bg  wpr-overlay-fade-out wpr-anim-size-large wpr-anim-timing-ease-default wpr-anim-transparency\" data-url=\"https:\/\/efeserplastik.com\/?attachment_id=1673\"><\/div><div class=\"wpr-cv-container\"><div class=\"wpr-cv-outer\"><div class=\"wpr-cv-inner\"><div class=\"wpr-grid-media-hover-middle elementor-clearfix\"><div class=\"wpr-grid-item-lightbox elementor-repeater-item-6b61711 wpr-grid-item-display-block wpr-grid-item-align-center wpr-element-fade-in wpr-anim-size-large wpr-anim-timing-ease-default wpr-anim-transparency\"><div class=\"inner-block\"><span data-src=\"https:\/\/efeserplastik.com\/wp-content\/uploads\/2025\/12\/34333-2.png\"><i class=\"fas fa-search\"><\/i><\/span><div class=\"wpr-grid-lightbox-overlay\"><\/div><\/div><\/div><\/div><\/div><\/div><\/div><\/div><\/div><\/div><\/article><\/section><div class=\"wpr-grid-slider-arrow-container\"><div class=\"wpr-grid-slider-prev-arrow wpr-grid-slider-arrow\" id=\"wpr-grid-slider-prev-b4f0353\"><svg version=\"1.1\" xmlns=\"http:\/\/www.w3.org\/2000\/svg\" xmlns:xlink=\"http:\/\/www.w3.org\/1999\/xlink\" x=\"0px\" y=\"0px\" viewBox=\"0 0 283.4 512\" style=\"enable-background:new 0 0 283.4 512;\" xml:space=\"preserve\"><g><polygon class=\"st0\" points=\"54.5,256.3 283.4,485.1 256.1,512.5 0,256.3 0,256.3 27.2,229 256.1,0 283.4,27.4 \"\/><\/g><\/svg><\/div><div class=\"wpr-grid-slider-next-arrow wpr-grid-slider-arrow\" id=\"wpr-grid-slider-next-b4f0353\"><svg version=\"1.1\" xmlns=\"http:\/\/www.w3.org\/2000\/svg\" xmlns:xlink=\"http:\/\/www.w3.org\/1999\/xlink\" x=\"0px\" y=\"0px\" viewBox=\"0 0 283.4 512\" style=\"enable-background:new 0 0 283.4 512;\" xml:space=\"preserve\"><g><polygon class=\"st0\" points=\"54.5,256.3 283.4,485.1 256.1,512.5 0,256.3 0,256.3 27.2,229 256.1,0 283.4,27.4 \"\/><\/g><\/svg><\/div><\/div><div class=\"wpr-grid-slider-dots\"><\/div>\t\t<\/div>\n\t\t\t\t<\/div>\n\t\t\t\t\t<\/div>\n\t\t<\/div>\n\t\t\t\t\t<\/div>\n\t\t<\/section>\n\t\t<div class=\"elementor-element elementor-element-a606d50 e-con-full e-flex wpr-particle-no wpr-jarallax-no wpr-parallax-no wpr-sticky-section-no e-con e-parent\" data-id=\"a606d50\" data-element_type=\"container\">\n\t\t<div class=\"elementor-element elementor-element-49e1399 e-con-full e-flex wpr-particle-no wpr-jarallax-no wpr-parallax-no wpr-sticky-section-no e-con e-child\" data-id=\"49e1399\" data-element_type=\"container\" data-settings=\"{&quot;background_background&quot;:&quot;classic&quot;}\">\n\t\t<div class=\"elementor-element elementor-element-45fd2fe e-con-full e-flex wpr-particle-no wpr-jarallax-no wpr-parallax-no wpr-sticky-section-no e-con e-child\" data-id=\"45fd2fe\" data-element_type=\"container\">\n\t\t<div class=\"elementor-element elementor-element-1dba121 e-flex e-con-boxed wpr-particle-no wpr-jarallax-no wpr-parallax-no wpr-sticky-section-no e-con e-child\" data-id=\"1dba121\" data-element_type=\"container\">\n\t\t\t\t\t<div class=\"e-con-inner\">\n\t\t<div class=\"elementor-element elementor-element-e72f372 e-con-full e-flex wpr-particle-no wpr-jarallax-no wpr-parallax-no wpr-sticky-section-no e-con e-child\" data-id=\"e72f372\" data-element_type=\"container\">\n\t\t\t\t<div class=\"elementor-element elementor-element-7b780be elementor-widget elementor-widget-heading\" data-id=\"7b780be\" data-element_type=\"widget\" data-widget_type=\"heading.default\">\n\t\t\t\t<div class=\"elementor-widget-container\">\n\t\t\t<h3 class=\"elementor-heading-title elementor-size-default\">Doner Stretch Film<\/h3>\t\t<\/div>\n\t\t\t\t<\/div>\n\t\t<div class=\"elementor-element elementor-element-950f701 e-con-full e-flex wpr-particle-no wpr-jarallax-no wpr-parallax-no wpr-sticky-section-no e-con e-child\" data-id=\"950f701\" data-element_type=\"container\">\n\t\t\t\t<div class=\"elementor-element elementor-element-76b3dd3 elementor-widget__width-initial elementor-hidden-desktop elementor-hidden-laptop elementor-hidden-tablet elementor-hidden-mobile elementor-widget elementor-widget-button\" data-id=\"76b3dd3\" data-element_type=\"widget\" data-widget_type=\"button.default\">\n\t\t\t\t<div class=\"elementor-widget-container\">\n\t\t\t\t\t\t\t<div class=\"elementor-button-wrapper\">\n\t\t\t\t\t<a class=\"elementor-button elementor-button-link elementor-size-sm\" href=\"#\">\n\t\t\t\t\t\t<span class=\"elementor-button-content-wrapper\">\n\t\t\t\t\t\t\t\t\t<span class=\"elementor-button-text\">LLDPE<\/span>\n\t\t\t\t\t<\/span>\n\t\t\t\t\t<\/a>\n\t\t\t\t<\/div>\n\t\t\t\t\t\t<\/div>\n\t\t\t\t<\/div>\n\t\t\t\t<\/div>\n\t\t\t\t<div class=\"elementor-element elementor-element-c44bcc4 elementor-widget elementor-widget-heading\" data-id=\"c44bcc4\" data-element_type=\"widget\" data-widget_type=\"heading.default\">\n\t\t\t\t<div class=\"elementor-widget-container\">\n\t\t\t<h2 class=\"elementor-heading-title elementor-size-default\">Doner Stretch Film<br><br>\nD\u00f6ner \u00fcretiminde hijyen, kalite ve tazelik standartlar\u0131n\u0131\nkorumak kritik bir \u00f6neme sahiptir. Efeser olarak\ngeli\u015ftirdi\u011fimiz D\u00f6ner Stretch Film, g\u0131da g\u00fcvenli\u011fini en \u00fcst\nseviyede tutmak \u00fczere form\u00fcle edilmi\u015ftir. Et ve \u015fark\u00fcteri\n\u00fcr\u00fcnlerinin tazeli\u011fini daha uzun s\u00fcre muhafaza eder, \u00fcretim\ns\u00fcre\u00e7lerinde hijyen standartlar\u0131n\u0131 destekler.<br><br>\n30 cm Film<br>Ebat : 30 cm x Talep Edilen Metre<br>Kal\u0131nl\u0131k : 8 - 9 - 10 - 11 - 12 - 14 Mikron<br>Koli Ebad\u0131 : 395 mm x 395 mm x 335 mm<br><br>\n45 cm Film<br>Ebat : 45 cm x Talep Edilen Metre<br><span style=\"color: inherit;font-family: inherit\">Kal\u0131nl\u0131k : <\/span><span style=\"color: inherit;font-family: inherit\">8 - 9 - 10 - 11 - 12 - 14 Mikron<\/span><br><span style=\"color: inherit;font-family: inherit\">Koli Ebad\u0131 : <\/span><span style=\"color: inherit;font-family: inherit\">260 mm x 325 mm x 485 mm<\/span><span style=\"color: inherit;font-family: inherit\"><br><\/span><br>\n\u00dcr\u00fcn Avantajlar\u0131<br><br>\nY\u00fcksek Esneklik ve Dayan\u0131kl\u0131l\u0131k\nY\u0131rt\u0131lmaya kar\u015f\u0131 diren\u00e7li yap\u0131s\u0131yla d\u00f6ner \u00fcreticileri, \u015fark\u00fcteriler ve profesyonel mutfaklar<br>\ni\u00e7in g\u00fcvenilir bir ambalaj \u00e7\u00f6z\u00fcm\u00fc sunar.\nM\u00fckemmel Yap\u0131\u015fma ve Koruma\nHava ile temas\u0131 minimuma indirerek \u00fcr\u00fcnlerin tazelik s\u00fcresini \u00f6nemli \u00f6l\u00e7\u00fcde uzat\u0131r.<br><br>\nG\u0131da G\u00fcvenli\u011fi Standartlar\u0131na Uygun\nISO 22000:2018 sertifikal\u0131d\u0131r ve do\u011frudan g\u0131da ile temasa uygundur.\nKolay ve Pratik Kullan\u0131m\nRahat a\u00e7\u0131lan yap\u0131s\u0131 ve ak\u0131c\u0131 sar\u0131m\u0131 sayesinde \u00fcretim s\u00fcre\u00e7lerini h\u0131zland\u0131r\u0131r.\nKesintisiz \u00dcretime Destek\nD\u00f6ner \u00fcretim hatlar\u0131nda y\u00fcksek performans g\u00f6stererek h\u0131zl\u0131 ve verimli bir \u00fcretim ak\u0131\u015f\u0131<\/h2>\t\t<\/div>\n\t\t\t\t<\/div>\n\t\t\t\t<\/div>\n\t\t<div class=\"elementor-element elementor-element-330d881 e-con-full elementor-hidden-desktop elementor-hidden-laptop elementor-hidden-tablet elementor-hidden-mobile e-flex wpr-particle-no wpr-jarallax-no wpr-parallax-no wpr-sticky-section-no e-con e-child\" data-id=\"330d881\" data-element_type=\"container\">\n\t\t\t\t<div class=\"elementor-element elementor-element-50d7c28 elementor-widget__width-initial elementor-widget elementor-widget-button\" data-id=\"50d7c28\" data-element_type=\"widget\" data-widget_type=\"button.default\">\n\t\t\t\t<div class=\"elementor-widget-container\">\n\t\t\t\t\t\t\t<div class=\"elementor-button-wrapper\">\n\t\t\t\t\t<a class=\"elementor-button elementor-button-link elementor-size-sm\" href=\"#\">\n\t\t\t\t\t\t<span class=\"elementor-button-content-wrapper\">\n\t\t\t\t\t\t\t\t\t<span class=\"elementor-button-text\">LLDPE<\/span>\n\t\t\t\t\t<\/span>\n\t\t\t\t\t<\/a>\n\t\t\t\t<\/div>\n\t\t\t\t\t\t<\/div>\n\t\t\t\t<\/div>\n\t\t\t\t<div class=\"elementor-element elementor-element-df10bf8 elementor-widget__width-initial elementor-widget elementor-widget-button\" data-id=\"df10bf8\" data-element_type=\"widget\" data-widget_type=\"button.default\">\n\t\t\t\t<div class=\"elementor-widget-container\">\n\t\t\t\t\t\t\t<div class=\"elementor-button-wrapper\">\n\t\t\t\t\t<a class=\"elementor-button elementor-button-link elementor-size-sm\" href=\"#\">\n\t\t\t\t\t\t<span class=\"elementor-button-content-wrapper\">\n\t\t\t\t\t\t\t\t\t<span class=\"elementor-button-text\">HDPE<\/span>\n\t\t\t\t\t<\/span>\n\t\t\t\t\t<\/a>\n\t\t\t\t<\/div>\n\t\t\t\t\t\t<\/div>\n\t\t\t\t<\/div>\n\t\t\t\t<\/div>\n\t\t\t\t\t<\/div>\n\t\t\t\t<\/div>\n\t\t\t\t<\/div>\n\t\t<div class=\"elementor-element elementor-element-fcbfa8b e-con-full e-flex wpr-particle-no wpr-jarallax-no wpr-parallax-no wpr-sticky-section-no e-con e-child\" data-id=\"fcbfa8b\" data-element_type=\"container\">\n\t\t\t\t<div class=\"elementor-element elementor-element-3a6d5d7 elementor-widget-mobile__width-initial wpr-button-icon-style-inline wpr-button-icon-position-right elementor-widget elementor-widget-wpr-button\" data-id=\"3a6d5d7\" data-element_type=\"widget\" data-widget_type=\"wpr-button.default\">\n\t\t\t\t<div class=\"elementor-widget-container\">\n\t\t\t\t\n\t\t\t\n\t\t\n\t\t<div class=\"wpr-button-wrap elementor-clearfix\">\n\t\t<a class=\"wpr-button wpr-button-effect wpr-button-none\" data-text=\"Go\" href=\"https:\/\/wa.me\/905063377682\">\n\t\t\t\n\t\t\t<span class=\"wpr-button-content\">\n\t\t\t\t\t\t\t\t\t<span class=\"wpr-button-text\">Sipari\u015f<\/span>\n\t\t\t\t\t\t\t\t\n\t\t\t\t\t\t\t\t\t<span class=\"wpr-button-icon\"><svg class=\"e-font-icon-svg e-fab-whatsapp\" viewBox=\"0 0 448 512\" xmlns=\"http:\/\/www.w3.org\/2000\/svg\"><path d=\"M380.9 97.1C339 55.1 283.2 32 223.9 32c-122.4 0-222 99.6-222 222 0 39.1 10.2 77.3 29.6 111L0 480l117.7-30.9c32.4 17.7 68.9 27 106.1 27h.1c122.3 0 224.1-99.6 224.1-222 0-59.3-25.2-115-67.1-157zm-157 341.6c-33.2 0-65.7-8.9-94-25.7l-6.7-4-69.8 18.3L72 359.2l-4.4-7c-18.5-29.4-28.2-63.3-28.2-98.2 0-101.7 82.8-184.5 184.6-184.5 49.3 0 95.6 19.2 130.4 54.1 34.8 34.9 56.2 81.2 56.1 130.5 0 101.8-84.9 184.6-186.6 184.6zm101.2-138.2c-5.5-2.8-32.8-16.2-37.9-18-5.1-1.9-8.8-2.8-12.5 2.8-3.7 5.6-14.3 18-17.6 21.8-3.2 3.7-6.5 4.2-12 1.4-32.6-16.3-54-29.1-75.5-66-5.7-9.8 5.7-9.1 16.3-30.3 1.8-3.7.9-6.9-.5-9.7-1.4-2.8-12.5-30.1-17.1-41.2-4.5-10.8-9.1-9.3-12.5-9.5-3.2-.2-6.9-.2-10.6-.2-3.7 0-9.7 1.4-14.8 6.9-5.1 5.6-19.4 19-19.4 46.3 0 27.3 19.9 53.7 22.6 57.4 2.8 3.7 39.1 59.7 94.8 83.8 35.2 15.2 49 16.5 66.6 13.9 10.7-1.6 32.8-13.4 37.4-26.4 4.6-13 4.6-24.1 3.2-26.4-1.3-2.5-5-3.9-10.5-6.6z\"><\/path><\/svg><\/span>\n\t\t\t\t\t\t\t<\/span>\n\t\t<\/a>\n\n\t\t\t\t<\/div>\n\t\n\t\n\t\t\t<\/div>\n\t\t\t\t<\/div>\n\t\t\t\t<\/div>\n\t\t\t\t<\/div>\n\t\t\t\t<\/div>\n\t\t\t\t<\/div>\n\t\t","protected":false},"excerpt":{"rendered":"<p>\u00dcr\u00fcn Katalo\u011fu i\u00e7in t\u0131klay\u0131n\u0131z Doner Stretch Film LLDPE Doner Stretch Film D\u00f6ner \u00fcretiminde hijyen, kalite ve tazelik standartlar\u0131n\u0131 korumak kritik bir \u00f6neme sahiptir. Efeser olarak geli\u015ftirdi\u011fimiz D\u00f6ner Stretch Film, g\u0131da g\u00fcvenli\u011fini en \u00fcst seviyede tutmak \u00fczere form\u00fcle edilmi\u015ftir. Et ve \u015fark\u00fcteri \u00fcr\u00fcnlerinin tazeli\u011fini daha uzun s\u00fcre muhafaza eder, \u00fcretim s\u00fcre\u00e7lerinde hijyen standartlar\u0131n\u0131 destekler. 30 cm FilmEbat : 30 cm x Talep Edilen MetreKal\u0131nl\u0131k : 8 &#8211; 9 &#8211; 10 &#8211; 11 &#8211; 12 &#8211; 14 MikronKoli Ebad\u0131 : 395 mm x 395 mm x 335 mm 45 cm FilmEbat : 45 cm x Talep Edilen MetreKal\u0131nl\u0131k : 8 &#8211; 9 &#8211; 10 &#8211; 11 &#8211; 12 &#8211; 14 MikronKoli Ebad\u0131 : 260 mm x 325 mm x 485 mm \u00dcr\u00fcn Avantajlar\u0131 Y\u00fcksek Esneklik ve Dayan\u0131kl\u0131l\u0131k Y\u0131rt\u0131lmaya kar\u015f\u0131 diren\u00e7li yap\u0131s\u0131yla d\u00f6ner \u00fcreticileri, \u015fark\u00fcteriler ve profesyonel mutfaklar i\u00e7in g\u00fcvenilir bir ambalaj \u00e7\u00f6z\u00fcm\u00fc sunar. M\u00fckemmel Yap\u0131\u015fma ve Koruma Hava ile temas\u0131 minimuma indirerek \u00fcr\u00fcnlerin tazelik s\u00fcresini \u00f6nemli \u00f6l\u00e7\u00fcde uzat\u0131r. G\u0131da G\u00fcvenli\u011fi Standartlar\u0131na Uygun ISO 22000:2018 sertifikal\u0131d\u0131r ve do\u011frudan g\u0131da ile temasa uygundur. Kolay ve Pratik Kullan\u0131m Rahat a\u00e7\u0131lan yap\u0131s\u0131 ve ak\u0131c\u0131 sar\u0131m\u0131 sayesinde \u00fcretim s\u00fcre\u00e7lerini h\u0131zland\u0131r\u0131r. Kesintisiz \u00dcretime Destek D\u00f6ner \u00fcretim hatlar\u0131nda y\u00fcksek performans g\u00f6stererek h\u0131zl\u0131 ve verimli bir \u00fcretim ak\u0131\u015f\u0131 LLDPE HDPE Sipari\u015f<\/p>\n","protected":false},"author":1,"featured_media":0,"parent":0,"menu_order":0,"comment_status":"closed","ping_status":"closed","template":"elementor_canvas","meta":{"footnotes":""},"class_list":["post-1685","page","type-page","status-publish","hentry"],"_links":{"self":[{"href":"https:\/\/efeserplastik.com\/index.php?rest_route=\/wp\/v2\/pages\/1685","targetHints":{"allow":["GET"]}}],"collection":[{"href":"https:\/\/efeserplastik.com\/index.php?rest_route=\/wp\/v2\/pages"}],"about":[{"href":"https:\/\/efeserplastik.com\/index.php?rest_route=\/wp\/v2\/types\/page"}],"author":[{"embeddable":true,"href":"https:\/\/efeserplastik.com\/index.php?rest_route=\/wp\/v2\/users\/1"}],"replies":[{"embeddable":true,"href":"https:\/\/efeserplastik.com\/index.php?rest_route=%2Fwp%2Fv2%2Fcomments&post=1685"}],"version-history":[{"count":7,"href":"https:\/\/efeserplastik.com\/index.php?rest_route=\/wp\/v2\/pages\/1685\/revisions"}],"predecessor-version":[{"id":1696,"href":"https:\/\/efeserplastik.com\/index.php?rest_route=\/wp\/v2\/pages\/1685\/revisions\/1696"}],"wp:attachment":[{"href":"https:\/\/efeserplastik.com\/index.php?rest_route=%2Fwp%2Fv2%2Fmedia&parent=1685"}],"curies":[{"name":"wp","href":"https:\/\/api.w.org\/{rel}","templated":true}]}}