{"id":1640,"date":"2025-12-17T13:44:54","date_gmt":"2025-12-17T13:44:54","guid":{"rendered":"https:\/\/efeserplastik.com\/?page_id=1640"},"modified":"2025-12-17T13:51:35","modified_gmt":"2025-12-17T13:51:35","slug":"et-urun-kasalari","status":"publish","type":"page","link":"https:\/\/efeserplastik.com\/?page_id=1640","title":{"rendered":"Et \u00dcr\u00fcn Kasalar\u0131"},"content":{"rendered":"<p class=\"attachment\"><a href='https:\/\/efeserplastik.com\/wp-content\/uploads\/2025\/12\/174280742056cd37.jpg'><img fetchpriority=\"high\" decoding=\"async\" width=\"300\" height=\"225\" src=\"https:\/\/efeserplastik.com\/wp-content\/uploads\/2025\/12\/174280742056cd37-300x225.jpg\" class=\"attachment-medium size-medium\" alt=\"\" srcset=\"https:\/\/efeserplastik.com\/wp-content\/uploads\/2025\/12\/174280742056cd37-300x225.jpg 300w, https:\/\/efeserplastik.com\/wp-content\/uploads\/2025\/12\/174280742056cd37-1024x768.jpg 1024w, https:\/\/efeserplastik.com\/wp-content\/uploads\/2025\/12\/174280742056cd37-768x576.jpg 768w, https:\/\/efeserplastik.com\/wp-content\/uploads\/2025\/12\/174280742056cd37.jpg 1520w\" sizes=\"(max-width: 300px) 100vw, 300px\" \/><\/a><\/p>\n\t\t<div data-elementor-type=\"wp-page\" data-elementor-id=\"1640\" class=\"elementor elementor-1640\">\n\t\t\t\t<div class=\"elementor-element elementor-element-2cdb03f e-flex e-con-boxed wpr-particle-no wpr-jarallax-no wpr-parallax-no wpr-sticky-section-no e-con e-parent\" data-id=\"2cdb03f\" data-element_type=\"container\">\n\t\t\t\t\t<div class=\"e-con-inner\">\n\t\t\t\t<div class=\"elementor-element elementor-element-2a0098a elementor-widget elementor-widget-heading\" data-id=\"2a0098a\" data-element_type=\"widget\" data-widget_type=\"heading.default\">\n\t\t\t\t<div class=\"elementor-widget-container\">\n\t\t\t<h2 class=\"elementor-heading-title elementor-size-default\">\u00dcr\u00fcnler<\/h2>\t\t<\/div>\n\t\t\t\t<\/div>\n\t\t\t\t\t<\/div>\n\t\t\t\t<\/div>\n\t\t<div class=\"elementor-element elementor-element-6b4a8da e-flex e-con-boxed wpr-particle-no wpr-jarallax-no wpr-parallax-no wpr-sticky-section-no e-con e-parent\" data-id=\"6b4a8da\" data-element_type=\"container\">\n\t\t\t\t\t<div class=\"e-con-inner\">\n\t\t\t\t<div class=\"elementor-element elementor-element-59b6619 wpr-button-icon-style-inline wpr-button-icon-position-right elementor-widget elementor-widget-wpr-button\" data-id=\"59b6619\" data-element_type=\"widget\" data-widget_type=\"wpr-button.default\">\n\t\t\t\t<div class=\"elementor-widget-container\">\n\t\t\t\t\n\t\t\t\n\t\t\n\t\t<div class=\"wpr-button-wrap elementor-clearfix\">\n\t\t<a class=\"wpr-button wpr-button-effect wpr-button-none\" data-text=\"Go\" href=\"http:\/\/efeserplastik.com\/wp-content\/uploads\/2025\/11\/EFESER_KATALOG.pdf\">\n\t\t\t\n\t\t\t<span class=\"wpr-button-content\">\n\t\t\t\t\t\t\t\t\t<span class=\"wpr-button-text\">\u00dcr\u00fcn Katalo\u011fu i\u00e7in t\u0131klay\u0131n\u0131z<\/span>\n\t\t\t\t\t\t\t\t\n\t\t\t\t\t\t\t\t\t<span class=\"wpr-button-icon\"><svg class=\"e-font-icon-svg e-fas-angle-right\" viewBox=\"0 0 256 512\" xmlns=\"http:\/\/www.w3.org\/2000\/svg\"><path d=\"M224.3 273l-136 136c-9.4 9.4-24.6 9.4-33.9 0l-22.6-22.6c-9.4-9.4-9.4-24.6 0-33.9l96.4-96.4-96.4-96.4c-9.4-9.4-9.4-24.6 0-33.9L54.3 103c9.4-9.4 24.6-9.4 33.9 0l136 136c9.5 9.4 9.5 24.6.1 34z\"><\/path><\/svg><\/span>\n\t\t\t\t\t\t\t<\/span>\n\t\t<\/a>\n\n\t\t\t\t<\/div>\n\t\n\t\n\t\t\t<\/div>\n\t\t\t\t<\/div>\n\t\t\t\t\t<\/div>\n\t\t\t\t<\/div>\n\t\t<div class=\"elementor-element elementor-element-8364db1 e-flex e-con-boxed wpr-particle-no wpr-jarallax-no wpr-parallax-no wpr-sticky-section-no e-con e-parent\" data-id=\"8364db1\" data-element_type=\"container\">\n\t\t\t\t\t<div class=\"e-con-inner\">\n\t\t\t\t<div class=\"elementor-element elementor-element-fe7a0c6 elementor-widget-divider--view-line elementor-widget elementor-widget-divider\" data-id=\"fe7a0c6\" data-element_type=\"widget\" data-widget_type=\"divider.default\">\n\t\t\t\t<div class=\"elementor-widget-container\">\n\t\t\t\t\t<div class=\"elementor-divider\">\n\t\t\t<span class=\"elementor-divider-separator\">\n\t\t\t\t\t\t<\/span>\n\t\t<\/div>\n\t\t\t\t<\/div>\n\t\t\t\t<\/div>\n\t\t\t\t\t<\/div>\n\t\t\t\t<\/div>\n\t\t\t\t<section class=\"elementor-section elementor-top-section elementor-element elementor-element-a281abf elementor-section-boxed elementor-section-height-default elementor-section-height-default wpr-particle-no wpr-jarallax-no wpr-parallax-no wpr-sticky-section-no\" data-id=\"a281abf\" data-element_type=\"section\">\n\t\t\t\t\t\t<div class=\"elementor-container elementor-column-gap-default\">\n\t\t\t\t\t<div class=\"elementor-column elementor-col-100 elementor-top-column elementor-element elementor-element-ac7d50c\" data-id=\"ac7d50c\" data-element_type=\"column\">\n\t\t\t<div class=\"elementor-widget-wrap elementor-element-populated\">\n\t\t\t\t\t\t<div class=\"elementor-element elementor-element-b4f0353 wpr-grid-slider-columns-2 wpr-grid-slider-columns--tablet1 wpr-grid-slider-columns--laptop1 elementor-widget__width-initial wpr-grid-slider-columns--mobile1 elementor-widget elementor-widget-wpr-media-grid\" data-id=\"b4f0353\" data-element_type=\"widget\" data-settings=\"{&quot;layout_slider_amount&quot;:&quot;2&quot;,&quot;layout_slider_amount_tablet&quot;:&quot;1&quot;,&quot;layout_slider_amount_laptop&quot;:&quot;1&quot;,&quot;layout_slides_to_scroll&quot;:4,&quot;layout_slider_amount_mobile&quot;:1,&quot;layout_slider_rows&quot;:1,&quot;layout_slider_loop&quot;:&quot;yes&quot;}\" data-widget_type=\"wpr-media-grid.default\">\n\t\t\t\t<div class=\"elementor-widget-container\">\n\t\t\t<section class=\"wpr-grid wpr-media-grid elementor-clearfix\" dir=\"ltr\" data-slick=\"{&quot;rtl&quot;:false,&quot;infinite&quot;:true,&quot;speed&quot;:700,&quot;arrows&quot;:true,&quot;dots&quot;:true,&quot;autoplay&quot;:false,&quot;autoplaySpeed&quot;:0,&quot;pauseOnHover&quot;:&quot;&quot;,&quot;prevArrow&quot;:&quot;#wpr-grid-slider-prev-b4f0353&quot;,&quot;nextArrow&quot;:&quot;#wpr-grid-slider-next-b4f0353&quot;,&quot;sliderSlidesToScroll&quot;:4,&quot;sliderRows&quot;:1,&quot;lightbox&quot;:{&quot;selector&quot;:&quot;article:not(.slick-cloned) .wpr-grid-image-wrap&quot;,&quot;iframeMaxWidth&quot;:&quot;60%&quot;,&quot;hash&quot;:false,&quot;autoplay&quot;:&quot;true&quot;,&quot;pause&quot;:5000,&quot;progressBar&quot;:&quot;true&quot;,&quot;counter&quot;:&quot;true&quot;,&quot;controls&quot;:&quot;true&quot;,&quot;getCaptionFromTitleOrAlt&quot;:&quot;true&quot;,&quot;thumbnail&quot;:&quot;&quot;,&quot;showThumbByDefault&quot;:&quot;&quot;,&quot;share&quot;:&quot;&quot;,&quot;zoom&quot;:&quot;true&quot;,&quot;fullScreen&quot;:&quot;true&quot;,&quot;download&quot;:&quot;true&quot;}}\"><article class=\"wpr-grid-item elementor-clearfix post-1646 attachment type-attachment status-inherit hentry\"><div class=\"wpr-grid-item-inner\"><div class=\"wpr-grid-media-wrap wpr-effect-size-small \"><div class=\"wpr-grid-image-wrap\" data-src=\"https:\/\/efeserplastik.com\/wp-content\/uploads\/2025\/12\/1732879090d94020.jpg\"><img decoding=\"async\" src=\"https:\/\/efeserplastik.com\/wp-content\/uploads\/2025\/12\/1732879090d94020.jpg\" alt=\"1732879090d94020\" class=\"wpr-anim-timing-ease-default\"><\/div><div class=\"wpr-grid-media-hover wpr-animation-wrap\"><div class=\"wpr-grid-media-hover-bg  wpr-overlay-fade-out wpr-anim-size-large wpr-anim-timing-linear\" data-url=\"https:\/\/efeserplastik.com\/?attachment_id=1646\"><\/div><div class=\"wpr-cv-container\"><div class=\"wpr-cv-outer\"><div class=\"wpr-cv-inner\"><div class=\"wpr-grid-media-hover-middle elementor-clearfix\"><div class=\"wpr-grid-item-lightbox elementor-repeater-item-6b61711 wpr-grid-item-display-inline wpr-grid-item-align-center wpr-element-fade-in wpr-anim-size-large wpr-anim-timing-ease-default\"><div class=\"inner-block\"><span data-src=\"https:\/\/efeserplastik.com\/wp-content\/uploads\/2025\/12\/1732879090d94020.jpg\"><i class=\"fas fa-search\"><\/i><\/span><div class=\"wpr-grid-lightbox-overlay\"><\/div><\/div><\/div><\/div><\/div><\/div><\/div><\/div><\/div><\/div><\/article><article class=\"wpr-grid-item elementor-clearfix post-1647 attachment type-attachment status-inherit hentry\"><div class=\"wpr-grid-item-inner\"><div class=\"wpr-grid-media-wrap wpr-effect-size-small \"><div class=\"wpr-grid-image-wrap\" data-src=\"https:\/\/efeserplastik.com\/wp-content\/uploads\/2025\/12\/1732879112d7bd0d.jpg\"><img decoding=\"async\" src=\"https:\/\/efeserplastik.com\/wp-content\/uploads\/2025\/12\/1732879112d7bd0d.jpg\" alt=\"1732879112d7bd0d\" class=\"wpr-anim-timing-ease-default\"><\/div><div class=\"wpr-grid-media-hover wpr-animation-wrap\"><div class=\"wpr-grid-media-hover-bg  wpr-overlay-fade-out wpr-anim-size-large wpr-anim-timing-linear\" data-url=\"https:\/\/efeserplastik.com\/?attachment_id=1647\"><\/div><div class=\"wpr-cv-container\"><div class=\"wpr-cv-outer\"><div class=\"wpr-cv-inner\"><div class=\"wpr-grid-media-hover-middle elementor-clearfix\"><div class=\"wpr-grid-item-lightbox elementor-repeater-item-6b61711 wpr-grid-item-display-inline wpr-grid-item-align-center wpr-element-fade-in wpr-anim-size-large wpr-anim-timing-ease-default\"><div class=\"inner-block\"><span data-src=\"https:\/\/efeserplastik.com\/wp-content\/uploads\/2025\/12\/1732879112d7bd0d.jpg\"><i class=\"fas fa-search\"><\/i><\/span><div class=\"wpr-grid-lightbox-overlay\"><\/div><\/div><\/div><\/div><\/div><\/div><\/div><\/div><\/div><\/div><\/article><article class=\"wpr-grid-item elementor-clearfix post-1648 attachment type-attachment status-inherit hentry\"><div class=\"wpr-grid-item-inner\"><div class=\"wpr-grid-media-wrap wpr-effect-size-small \"><div class=\"wpr-grid-image-wrap\" data-src=\"https:\/\/efeserplastik.com\/wp-content\/uploads\/2025\/12\/17428074209df8bd.jpg\"><img decoding=\"async\" src=\"https:\/\/efeserplastik.com\/wp-content\/uploads\/2025\/12\/17428074209df8bd.jpg\" alt=\"17428074209df8bd\" class=\"wpr-anim-timing-ease-default\"><\/div><div class=\"wpr-grid-media-hover wpr-animation-wrap\"><div class=\"wpr-grid-media-hover-bg  wpr-overlay-fade-out wpr-anim-size-large wpr-anim-timing-linear\" data-url=\"https:\/\/efeserplastik.com\/?attachment_id=1648\"><\/div><div class=\"wpr-cv-container\"><div class=\"wpr-cv-outer\"><div class=\"wpr-cv-inner\"><div class=\"wpr-grid-media-hover-middle elementor-clearfix\"><div class=\"wpr-grid-item-lightbox elementor-repeater-item-6b61711 wpr-grid-item-display-inline wpr-grid-item-align-center wpr-element-fade-in wpr-anim-size-large wpr-anim-timing-ease-default\"><div class=\"inner-block\"><span data-src=\"https:\/\/efeserplastik.com\/wp-content\/uploads\/2025\/12\/17428074209df8bd.jpg\"><i class=\"fas fa-search\"><\/i><\/span><div class=\"wpr-grid-lightbox-overlay\"><\/div><\/div><\/div><\/div><\/div><\/div><\/div><\/div><\/div><\/div><\/article><article class=\"wpr-grid-item elementor-clearfix post-1649 attachment type-attachment status-inherit hentry\"><div class=\"wpr-grid-item-inner\"><div class=\"wpr-grid-media-wrap wpr-effect-size-small \"><div class=\"wpr-grid-image-wrap\" data-src=\"https:\/\/efeserplastik.com\/wp-content\/uploads\/2025\/12\/173288105474cb89.jpg\"><img decoding=\"async\" src=\"https:\/\/efeserplastik.com\/wp-content\/uploads\/2025\/12\/173288105474cb89.jpg\" alt=\"173288105474cb89\" class=\"wpr-anim-timing-ease-default\"><\/div><div class=\"wpr-grid-media-hover wpr-animation-wrap\"><div class=\"wpr-grid-media-hover-bg  wpr-overlay-fade-out wpr-anim-size-large wpr-anim-timing-linear\" data-url=\"https:\/\/efeserplastik.com\/?attachment_id=1649\"><\/div><div class=\"wpr-cv-container\"><div class=\"wpr-cv-outer\"><div class=\"wpr-cv-inner\"><div class=\"wpr-grid-media-hover-middle elementor-clearfix\"><div class=\"wpr-grid-item-lightbox elementor-repeater-item-6b61711 wpr-grid-item-display-inline wpr-grid-item-align-center wpr-element-fade-in wpr-anim-size-large wpr-anim-timing-ease-default\"><div class=\"inner-block\"><span data-src=\"https:\/\/efeserplastik.com\/wp-content\/uploads\/2025\/12\/173288105474cb89.jpg\"><i class=\"fas fa-search\"><\/i><\/span><div class=\"wpr-grid-lightbox-overlay\"><\/div><\/div><\/div><\/div><\/div><\/div><\/div><\/div><\/div><\/div><\/article><article class=\"wpr-grid-item elementor-clearfix post-1650 attachment type-attachment status-inherit hentry\"><div class=\"wpr-grid-item-inner\"><div class=\"wpr-grid-media-wrap wpr-effect-size-small \"><div class=\"wpr-grid-image-wrap\" data-src=\"https:\/\/efeserplastik.com\/wp-content\/uploads\/2025\/12\/174280742056cd37.jpg\"><img decoding=\"async\" src=\"https:\/\/efeserplastik.com\/wp-content\/uploads\/2025\/12\/174280742056cd37.jpg\" alt=\"174280742056cd37\" class=\"wpr-anim-timing-ease-default\"><\/div><div class=\"wpr-grid-media-hover wpr-animation-wrap\"><div class=\"wpr-grid-media-hover-bg  wpr-overlay-fade-out wpr-anim-size-large wpr-anim-timing-linear\" data-url=\"https:\/\/efeserplastik.com\/?attachment_id=1650\"><\/div><div class=\"wpr-cv-container\"><div class=\"wpr-cv-outer\"><div class=\"wpr-cv-inner\"><div class=\"wpr-grid-media-hover-middle elementor-clearfix\"><div class=\"wpr-grid-item-lightbox elementor-repeater-item-6b61711 wpr-grid-item-display-inline wpr-grid-item-align-center wpr-element-fade-in wpr-anim-size-large wpr-anim-timing-ease-default\"><div class=\"inner-block\"><span data-src=\"https:\/\/efeserplastik.com\/wp-content\/uploads\/2025\/12\/174280742056cd37.jpg\"><i class=\"fas fa-search\"><\/i><\/span><div class=\"wpr-grid-lightbox-overlay\"><\/div><\/div><\/div><\/div><\/div><\/div><\/div><\/div><\/div><\/div><\/article><\/section><div class=\"wpr-grid-slider-arrow-container\"><div class=\"wpr-grid-slider-prev-arrow wpr-grid-slider-arrow\" id=\"wpr-grid-slider-prev-b4f0353\"><svg version=\"1.1\" xmlns=\"http:\/\/www.w3.org\/2000\/svg\" xmlns:xlink=\"http:\/\/www.w3.org\/1999\/xlink\" x=\"0px\" y=\"0px\" viewBox=\"0 0 283.4 512\" style=\"enable-background:new 0 0 283.4 512;\" xml:space=\"preserve\"><g><polygon class=\"st0\" points=\"54.5,256.3 283.4,485.1 256.1,512.5 0,256.3 0,256.3 27.2,229 256.1,0 283.4,27.4 \"\/><\/g><\/svg><\/div><div class=\"wpr-grid-slider-next-arrow wpr-grid-slider-arrow\" id=\"wpr-grid-slider-next-b4f0353\"><svg version=\"1.1\" xmlns=\"http:\/\/www.w3.org\/2000\/svg\" xmlns:xlink=\"http:\/\/www.w3.org\/1999\/xlink\" x=\"0px\" y=\"0px\" viewBox=\"0 0 283.4 512\" style=\"enable-background:new 0 0 283.4 512;\" xml:space=\"preserve\"><g><polygon class=\"st0\" points=\"54.5,256.3 283.4,485.1 256.1,512.5 0,256.3 0,256.3 27.2,229 256.1,0 283.4,27.4 \"\/><\/g><\/svg><\/div><\/div><div class=\"wpr-grid-slider-dots\"><\/div>\t\t<\/div>\n\t\t\t\t<\/div>\n\t\t\t\t\t<\/div>\n\t\t<\/div>\n\t\t\t\t\t<\/div>\n\t\t<\/section>\n\t\t<div class=\"elementor-element elementor-element-a606d50 e-con-full e-flex wpr-particle-no wpr-jarallax-no wpr-parallax-no wpr-sticky-section-no e-con e-parent\" data-id=\"a606d50\" data-element_type=\"container\">\n\t\t<div class=\"elementor-element elementor-element-49e1399 e-con-full e-flex wpr-particle-no wpr-jarallax-no wpr-parallax-no wpr-sticky-section-no e-con e-child\" data-id=\"49e1399\" data-element_type=\"container\" data-settings=\"{&quot;background_background&quot;:&quot;classic&quot;}\">\n\t\t<div class=\"elementor-element elementor-element-45fd2fe e-con-full e-flex wpr-particle-no wpr-jarallax-no wpr-parallax-no wpr-sticky-section-no e-con e-child\" data-id=\"45fd2fe\" data-element_type=\"container\">\n\t\t<div class=\"elementor-element elementor-element-1dba121 e-flex e-con-boxed wpr-particle-no wpr-jarallax-no wpr-parallax-no wpr-sticky-section-no e-con e-child\" data-id=\"1dba121\" data-element_type=\"container\">\n\t\t\t\t\t<div class=\"e-con-inner\">\n\t\t\t\t<div class=\"elementor-element elementor-element-25c086f elementor-widget elementor-widget-heading\" data-id=\"25c086f\" data-element_type=\"widget\" data-widget_type=\"heading.default\">\n\t\t\t\t<div class=\"elementor-widget-container\">\n\t\t\t<h3 class=\"elementor-heading-title elementor-size-default\">Et \u00dcr\u00fcnleri Kasalar\u0131\n<\/h3>\t\t<\/div>\n\t\t\t\t<\/div>\n\t\t<div class=\"elementor-element elementor-element-330d881 e-con-full elementor-hidden-desktop elementor-hidden-laptop elementor-hidden-tablet elementor-hidden-mobile e-flex wpr-particle-no wpr-jarallax-no wpr-parallax-no wpr-sticky-section-no e-con e-child\" data-id=\"330d881\" data-element_type=\"container\">\n\t\t\t\t<div class=\"elementor-element elementor-element-50d7c28 elementor-widget__width-initial elementor-widget elementor-widget-button\" data-id=\"50d7c28\" data-element_type=\"widget\" data-widget_type=\"button.default\">\n\t\t\t\t<div class=\"elementor-widget-container\">\n\t\t\t\t\t\t\t<div class=\"elementor-button-wrapper\">\n\t\t\t\t\t<a class=\"elementor-button elementor-button-link elementor-size-sm\" href=\"#\">\n\t\t\t\t\t\t<span class=\"elementor-button-content-wrapper\">\n\t\t\t\t\t\t\t\t\t<span class=\"elementor-button-text\">LLDPE<\/span>\n\t\t\t\t\t<\/span>\n\t\t\t\t\t<\/a>\n\t\t\t\t<\/div>\n\t\t\t\t\t\t<\/div>\n\t\t\t\t<\/div>\n\t\t\t\t<div class=\"elementor-element elementor-element-df10bf8 elementor-widget__width-initial elementor-widget elementor-widget-button\" data-id=\"df10bf8\" data-element_type=\"widget\" data-widget_type=\"button.default\">\n\t\t\t\t<div class=\"elementor-widget-container\">\n\t\t\t\t\t\t\t<div class=\"elementor-button-wrapper\">\n\t\t\t\t\t<a class=\"elementor-button elementor-button-link elementor-size-sm\" href=\"#\">\n\t\t\t\t\t\t<span class=\"elementor-button-content-wrapper\">\n\t\t\t\t\t\t\t\t\t<span class=\"elementor-button-text\">HDPE<\/span>\n\t\t\t\t\t<\/span>\n\t\t\t\t\t<\/a>\n\t\t\t\t<\/div>\n\t\t\t\t\t\t<\/div>\n\t\t\t\t<\/div>\n\t\t\t\t<\/div>\n\t\t\t\t<div class=\"elementor-element elementor-element-63e39c0 elementor-widget elementor-widget-heading\" data-id=\"63e39c0\" data-element_type=\"widget\" data-widget_type=\"heading.default\">\n\t\t\t\t<div class=\"elementor-widget-container\">\n\t\t\t<h2 class=\"elementor-heading-title elementor-size-default\">Et \u00dcr\u00fcnleri Kasalar\u0131<br>\nEt \u00fcr\u00fcnleri kasalar\u0131, et ve et \u00fcr\u00fcnlerinin g\u00fcvenli ta\u015f\u0131nmas\u0131 ve depolanmas\u0131 i\u00e7in kullan\u0131l\u0131r. Bu kasalar hijyenik olmal\u0131 ve kalite standartlar\u0131n\u0131 korumal\u0131d\u0131r. Etin do\u011fru s\u0131cakl\u0131kta depolanabilmesi i\u00e7in kasalar\u0131n so\u011fu\u011fa dayan\u0131kl\u0131 olmas\u0131 \u00f6nemlidir. Bu kasalar genellikle -20 ile 80 derece aras\u0131nda kullan\u0131labilir. Bu \u00f6zellikler sayesinde, et end\u00fcstrisinde faaliyet g\u00f6steren i\u015fletmelerin ihtiya\u00e7lar\u0131na uygun \u015fekilde et \u00fcr\u00fcnleri kasalar\u0131 kullan\u0131labilir.<br><br>\n\nEt \u00fcr\u00fcnleri kasalar\u0131 nerelerde kullan\u0131l\u0131r?\nEt \u00fcr\u00fcnleri kasalar\u0131 et end\u00fcstrisinde faaliyet g\u00f6steren i\u015fletmelerin ihtiya\u00e7lar\u0131na uygun \u015fekilde et \u00fcr\u00fcnleri kasalar\u0131 kullan\u0131labilir.<br><br>\n\nEt \u00fcr\u00fcnleri kasalar\u0131n\u0131n kullan\u0131ld\u0131\u011f\u0131 yerler:<br><br>\n\nEt i\u015fletme tesisleri<br>\nEt toplama merkezleri<br>\nEt ihracat\u0131 yapan firmalar<br>\nEt \u00fcr\u00fcnleri da\u011f\u0131tan firmalar<br>\nZincir marketler<br><br>\nBu t\u00fcr i\u015fletmelerin tercih etti\u011fi et kasalar\u0131n\u0131n fiyatlar\u0131 de\u011fi\u015fkendir. Plastik hammadde t\u00fcr\u00fc, tasar\u0131m ve boyut gibi ko\u015fullara ba\u011fl\u0131d\u0131r. Bu nedenle m\u00fc\u015fterilerin ihtiya\u00e7lar\u0131na uygun fiyatlarla se\u00e7enekler sunulmaktad\u0131r.<br><br>\n\nEt kasalar\u0131n\u0131n geri d\u00f6n\u00fc\u015ft\u00fcr\u00fclmesi<br><br>\nEt kasalar\u0131n\u0131n geri d\u00f6n\u00fc\u015ft\u00fcr\u00fclmesi, plastik hammaddenin yeniden kullan\u0131lmas\u0131 anlam\u0131na gelir. Bu \u015fekilde, plastik at\u0131k miktar\u0131 azalt\u0131l\u0131r ve maliyetler d\u00fc\u015fer. Ayr\u0131ca, \u00e7evresel s\u00fcrd\u00fcr\u00fclebilirlik a\u00e7\u0131s\u0131ndan da \u00f6nemlidir. Et kasalar\u0131n\u0131n geri d\u00f6n\u00fc\u015ft\u00fcr\u00fclerek yeniden malzeme haline getirilmesi, plastik hammaddeden elde edilen at\u0131\u011f\u0131n miktar\u0131n\u0131n azalt\u0131lmas\u0131n\u0131 ve kaynaklar\u0131n daha verimli kullan\u0131lmas\u0131n\u0131 sa\u011flar. Bu nedenle, plastik et kasalar\u0131n\u0131n geri d\u00f6n\u00fc\u015ft\u00fcr\u00fclmesi \u00e7evresel a\u00e7\u0131dan \u00f6nemli bir ad\u0131md\u0131r<\/h2>\t\t<\/div>\n\t\t\t\t<\/div>\n\t\t\t\t\t<\/div>\n\t\t\t\t<\/div>\n\t\t\t\t<\/div>\n\t\t<div class=\"elementor-element elementor-element-fcbfa8b e-con-full e-flex wpr-particle-no wpr-jarallax-no wpr-parallax-no wpr-sticky-section-no e-con e-child\" data-id=\"fcbfa8b\" data-element_type=\"container\">\n\t\t\t\t<div class=\"elementor-element elementor-element-3a6d5d7 elementor-widget-mobile__width-initial wpr-button-icon-style-inline wpr-button-icon-position-right elementor-widget elementor-widget-wpr-button\" data-id=\"3a6d5d7\" data-element_type=\"widget\" data-widget_type=\"wpr-button.default\">\n\t\t\t\t<div class=\"elementor-widget-container\">\n\t\t\t\t\n\t\t\t\n\t\t\n\t\t<div class=\"wpr-button-wrap elementor-clearfix\">\n\t\t<a class=\"wpr-button wpr-button-effect wpr-button-none\" data-text=\"Go\" href=\"https:\/\/wa.me\/905063377682\">\n\t\t\t\n\t\t\t<span class=\"wpr-button-content\">\n\t\t\t\t\t\t\t\t\t<span class=\"wpr-button-text\">Sipari\u015f<\/span>\n\t\t\t\t\t\t\t\t\n\t\t\t\t\t\t\t\t\t<span class=\"wpr-button-icon\"><svg class=\"e-font-icon-svg e-fab-whatsapp\" viewBox=\"0 0 448 512\" xmlns=\"http:\/\/www.w3.org\/2000\/svg\"><path d=\"M380.9 97.1C339 55.1 283.2 32 223.9 32c-122.4 0-222 99.6-222 222 0 39.1 10.2 77.3 29.6 111L0 480l117.7-30.9c32.4 17.7 68.9 27 106.1 27h.1c122.3 0 224.1-99.6 224.1-222 0-59.3-25.2-115-67.1-157zm-157 341.6c-33.2 0-65.7-8.9-94-25.7l-6.7-4-69.8 18.3L72 359.2l-4.4-7c-18.5-29.4-28.2-63.3-28.2-98.2 0-101.7 82.8-184.5 184.6-184.5 49.3 0 95.6 19.2 130.4 54.1 34.8 34.9 56.2 81.2 56.1 130.5 0 101.8-84.9 184.6-186.6 184.6zm101.2-138.2c-5.5-2.8-32.8-16.2-37.9-18-5.1-1.9-8.8-2.8-12.5 2.8-3.7 5.6-14.3 18-17.6 21.8-3.2 3.7-6.5 4.2-12 1.4-32.6-16.3-54-29.1-75.5-66-5.7-9.8 5.7-9.1 16.3-30.3 1.8-3.7.9-6.9-.5-9.7-1.4-2.8-12.5-30.1-17.1-41.2-4.5-10.8-9.1-9.3-12.5-9.5-3.2-.2-6.9-.2-10.6-.2-3.7 0-9.7 1.4-14.8 6.9-5.1 5.6-19.4 19-19.4 46.3 0 27.3 19.9 53.7 22.6 57.4 2.8 3.7 39.1 59.7 94.8 83.8 35.2 15.2 49 16.5 66.6 13.9 10.7-1.6 32.8-13.4 37.4-26.4 4.6-13 4.6-24.1 3.2-26.4-1.3-2.5-5-3.9-10.5-6.6z\"><\/path><\/svg><\/span>\n\t\t\t\t\t\t\t<\/span>\n\t\t<\/a>\n\n\t\t\t\t<\/div>\n\t\n\t\n\t\t\t<\/div>\n\t\t\t\t<\/div>\n\t\t\t\t<\/div>\n\t\t\t\t<\/div>\n\t\t\t\t<\/div>\n\t\t\t\t<\/div>\n\t\t","protected":false},"excerpt":{"rendered":"<p>\u00dcr\u00fcnler \u00dcr\u00fcn Katalo\u011fu i\u00e7in t\u0131klay\u0131n\u0131z Et \u00dcr\u00fcnleri Kasalar\u0131 LLDPE HDPE Et \u00dcr\u00fcnleri Kasalar\u0131 Et \u00fcr\u00fcnleri kasalar\u0131, et ve et \u00fcr\u00fcnlerinin g\u00fcvenli ta\u015f\u0131nmas\u0131 ve depolanmas\u0131 i\u00e7in kullan\u0131l\u0131r. Bu kasalar hijyenik olmal\u0131 ve kalite standartlar\u0131n\u0131 korumal\u0131d\u0131r. Etin do\u011fru s\u0131cakl\u0131kta depolanabilmesi i\u00e7in kasalar\u0131n so\u011fu\u011fa dayan\u0131kl\u0131 olmas\u0131 \u00f6nemlidir. Bu kasalar genellikle -20 ile 80 derece aras\u0131nda kullan\u0131labilir. Bu \u00f6zellikler sayesinde, et end\u00fcstrisinde faaliyet g\u00f6steren i\u015fletmelerin ihtiya\u00e7lar\u0131na uygun \u015fekilde et \u00fcr\u00fcnleri kasalar\u0131 kullan\u0131labilir. Et \u00fcr\u00fcnleri kasalar\u0131 nerelerde kullan\u0131l\u0131r? Et \u00fcr\u00fcnleri kasalar\u0131 et end\u00fcstrisinde faaliyet g\u00f6steren i\u015fletmelerin ihtiya\u00e7lar\u0131na uygun \u015fekilde et \u00fcr\u00fcnleri kasalar\u0131 kullan\u0131labilir. Et \u00fcr\u00fcnleri kasalar\u0131n\u0131n kullan\u0131ld\u0131\u011f\u0131 yerler: Et i\u015fletme tesisleri Et toplama merkezleri Et ihracat\u0131 yapan firmalar Et \u00fcr\u00fcnleri da\u011f\u0131tan firmalar Zincir marketler Bu t\u00fcr i\u015fletmelerin tercih etti\u011fi et kasalar\u0131n\u0131n fiyatlar\u0131 de\u011fi\u015fkendir. Plastik hammadde t\u00fcr\u00fc, tasar\u0131m ve boyut gibi ko\u015fullara ba\u011fl\u0131d\u0131r. Bu nedenle m\u00fc\u015fterilerin ihtiya\u00e7lar\u0131na uygun fiyatlarla se\u00e7enekler sunulmaktad\u0131r. Et kasalar\u0131n\u0131n geri d\u00f6n\u00fc\u015ft\u00fcr\u00fclmesi Et kasalar\u0131n\u0131n geri d\u00f6n\u00fc\u015ft\u00fcr\u00fclmesi, plastik hammaddenin yeniden kullan\u0131lmas\u0131 anlam\u0131na gelir. Bu \u015fekilde, plastik at\u0131k miktar\u0131 azalt\u0131l\u0131r ve maliyetler d\u00fc\u015fer. Ayr\u0131ca, \u00e7evresel s\u00fcrd\u00fcr\u00fclebilirlik a\u00e7\u0131s\u0131ndan da \u00f6nemlidir. Et kasalar\u0131n\u0131n geri d\u00f6n\u00fc\u015ft\u00fcr\u00fclerek yeniden malzeme haline getirilmesi, plastik hammaddeden elde edilen at\u0131\u011f\u0131n miktar\u0131n\u0131n azalt\u0131lmas\u0131n\u0131 ve kaynaklar\u0131n daha verimli kullan\u0131lmas\u0131n\u0131 sa\u011flar. Bu nedenle, plastik et kasalar\u0131n\u0131n geri d\u00f6n\u00fc\u015ft\u00fcr\u00fclmesi \u00e7evresel a\u00e7\u0131dan \u00f6nemli bir ad\u0131md\u0131r Sipari\u015f<\/p>\n","protected":false},"author":1,"featured_media":0,"parent":0,"menu_order":0,"comment_status":"closed","ping_status":"closed","template":"elementor_canvas","meta":{"footnotes":""},"class_list":["post-1640","page","type-page","status-publish","hentry"],"_links":{"self":[{"href":"https:\/\/efeserplastik.com\/index.php?rest_route=\/wp\/v2\/pages\/1640","targetHints":{"allow":["GET"]}}],"collection":[{"href":"https:\/\/efeserplastik.com\/index.php?rest_route=\/wp\/v2\/pages"}],"about":[{"href":"https:\/\/efeserplastik.com\/index.php?rest_route=\/wp\/v2\/types\/page"}],"author":[{"embeddable":true,"href":"https:\/\/efeserplastik.com\/index.php?rest_route=\/wp\/v2\/users\/1"}],"replies":[{"embeddable":true,"href":"https:\/\/efeserplastik.com\/index.php?rest_route=%2Fwp%2Fv2%2Fcomments&post=1640"}],"version-history":[{"count":10,"href":"https:\/\/efeserplastik.com\/index.php?rest_route=\/wp\/v2\/pages\/1640\/revisions"}],"predecessor-version":[{"id":1657,"href":"https:\/\/efeserplastik.com\/index.php?rest_route=\/wp\/v2\/pages\/1640\/revisions\/1657"}],"wp:attachment":[{"href":"https:\/\/efeserplastik.com\/index.php?rest_route=%2Fwp%2Fv2%2Fmedia&parent=1640"}],"curies":[{"name":"wp","href":"https:\/\/api.w.org\/{rel}","templated":true}]}}