{"id":1582,"date":"2025-12-16T01:35:15","date_gmt":"2025-12-16T01:35:15","guid":{"rendered":"https:\/\/efeserplastik.com\/?page_id=1582"},"modified":"2025-12-24T07:03:05","modified_gmt":"2025-12-24T07:03:05","slug":"gastronom-kuvet-2","status":"publish","type":"page","link":"https:\/\/efeserplastik.com\/?page_id=1582","title":{"rendered":"Gastronom K\u00fcvet"},"content":{"rendered":"\t\t<div data-elementor-type=\"wp-page\" data-elementor-id=\"1582\" class=\"elementor elementor-1582\">\n\t\t\t\t<div class=\"elementor-element elementor-element-2cdb03f e-flex e-con-boxed wpr-particle-no wpr-jarallax-no wpr-parallax-no wpr-sticky-section-no e-con e-parent\" data-id=\"2cdb03f\" data-element_type=\"container\">\n\t\t\t\t\t<div class=\"e-con-inner\">\n\t\t\t\t<div class=\"elementor-element elementor-element-2a0098a elementor-widget elementor-widget-heading\" data-id=\"2a0098a\" data-element_type=\"widget\" data-widget_type=\"heading.default\">\n\t\t\t\t<div class=\"elementor-widget-container\">\n\t\t\t<h2 class=\"elementor-heading-title elementor-size-default\">\u00dcr\u00fcnler<\/h2>\t\t<\/div>\n\t\t\t\t<\/div>\n\t\t\t\t\t<\/div>\n\t\t\t\t<\/div>\n\t\t<div class=\"elementor-element elementor-element-6b4a8da e-flex e-con-boxed wpr-particle-no wpr-jarallax-no wpr-parallax-no wpr-sticky-section-no e-con e-parent\" data-id=\"6b4a8da\" data-element_type=\"container\">\n\t\t\t\t\t<div class=\"e-con-inner\">\n\t\t\t\t<div class=\"elementor-element elementor-element-59b6619 wpr-button-icon-style-inline wpr-button-icon-position-right elementor-widget elementor-widget-wpr-button\" data-id=\"59b6619\" data-element_type=\"widget\" data-widget_type=\"wpr-button.default\">\n\t\t\t\t<div class=\"elementor-widget-container\">\n\t\t\t\t\n\t\t\t\n\t\t\n\t\t<div class=\"wpr-button-wrap elementor-clearfix\">\n\t\t<a class=\"wpr-button wpr-button-effect wpr-button-none\" data-text=\"Go\" href=\"http:\/\/efeserplastik.com\/wp-content\/uploads\/2025\/11\/EFESER_KATALOG.pdf\">\n\t\t\t\n\t\t\t<span class=\"wpr-button-content\">\n\t\t\t\t\t\t\t\t\t<span class=\"wpr-button-text\">\u00dcr\u00fcn Katalo\u011fu i\u00e7in t\u0131klay\u0131n\u0131z<\/span>\n\t\t\t\t\t\t\t\t\n\t\t\t\t\t\t\t\t\t<span class=\"wpr-button-icon\"><svg class=\"e-font-icon-svg e-fas-angle-right\" viewBox=\"0 0 256 512\" xmlns=\"http:\/\/www.w3.org\/2000\/svg\"><path d=\"M224.3 273l-136 136c-9.4 9.4-24.6 9.4-33.9 0l-22.6-22.6c-9.4-9.4-9.4-24.6 0-33.9l96.4-96.4-96.4-96.4c-9.4-9.4-9.4-24.6 0-33.9L54.3 103c9.4-9.4 24.6-9.4 33.9 0l136 136c9.5 9.4 9.5 24.6.1 34z\"><\/path><\/svg><\/span>\n\t\t\t\t\t\t\t<\/span>\n\t\t<\/a>\n\n\t\t\t\t<\/div>\n\t\n\t\n\t\t\t<\/div>\n\t\t\t\t<\/div>\n\t\t\t\t\t<\/div>\n\t\t\t\t<\/div>\n\t\t<div class=\"elementor-element elementor-element-a606d50 e-con-full e-flex wpr-particle-no wpr-jarallax-no wpr-parallax-no wpr-sticky-section-no e-con e-parent\" data-id=\"a606d50\" data-element_type=\"container\">\n\t\t<div class=\"elementor-element elementor-element-49e1399 e-con-full e-flex wpr-particle-no wpr-jarallax-no wpr-parallax-no wpr-sticky-section-no e-con e-child\" data-id=\"49e1399\" data-element_type=\"container\" data-settings=\"{&quot;background_background&quot;:&quot;classic&quot;}\">\n\t\t<div class=\"elementor-element elementor-element-cab4adc e-con-full e-flex wpr-particle-no wpr-jarallax-no wpr-parallax-no wpr-sticky-section-no e-con e-child\" data-id=\"cab4adc\" data-element_type=\"container\">\n\t\t<div class=\"elementor-element elementor-element-e97697b e-flex e-con-boxed wpr-particle-no wpr-jarallax-no wpr-parallax-no wpr-sticky-section-no e-con e-child\" data-id=\"e97697b\" data-element_type=\"container\">\n\t\t\t\t\t<div class=\"e-con-inner\">\n\t\t\t\t<div class=\"elementor-element elementor-element-a37c5b0 elementor-widget elementor-widget-heading\" data-id=\"a37c5b0\" data-element_type=\"widget\" data-widget_type=\"heading.default\">\n\t\t\t\t<div class=\"elementor-widget-container\">\n\t\t\t<h3 class=\"elementor-heading-title elementor-size-default\">GASTRONOM K\u00dcVET<\/h3>\t\t<\/div>\n\t\t\t\t<\/div>\n\t\t<div class=\"elementor-element elementor-element-e0e0e95 e-con-full e-flex wpr-particle-no wpr-jarallax-no wpr-parallax-no wpr-sticky-section-no e-con e-child\" data-id=\"e0e0e95\" data-element_type=\"container\">\n\t\t\t\t<div class=\"elementor-element elementor-element-6edc565 elementor-widget__width-initial elementor-hidden-desktop elementor-hidden-laptop elementor-hidden-tablet elementor-hidden-mobile elementor-widget elementor-widget-button\" data-id=\"6edc565\" data-element_type=\"widget\" data-widget_type=\"button.default\">\n\t\t\t\t<div class=\"elementor-widget-container\">\n\t\t\t\t\t\t\t<div class=\"elementor-button-wrapper\">\n\t\t\t\t\t<a class=\"elementor-button elementor-button-link elementor-size-sm\" href=\"#\">\n\t\t\t\t\t\t<span class=\"elementor-button-content-wrapper\">\n\t\t\t\t\t\t\t\t\t<span class=\"elementor-button-text\">LLDPE<\/span>\n\t\t\t\t\t<\/span>\n\t\t\t\t\t<\/a>\n\t\t\t\t<\/div>\n\t\t\t\t\t\t<\/div>\n\t\t\t\t<\/div>\n\t\t\t\t<\/div>\n\t\t\t\t<div class=\"elementor-element elementor-element-63a9f0d elementor-widget elementor-widget-heading\" data-id=\"63a9f0d\" data-element_type=\"widget\" data-widget_type=\"heading.default\">\n\t\t\t\t<div class=\"elementor-widget-container\">\n\t\t\t<h2 class=\"elementor-heading-title elementor-size-default\">Efeser Plastik Ambalaj olarak, -20 dereceden 121 dereceye kadar \u0131s\u0131ya dayan\u0131kl\u0131, istenilen renklerde ve talep edilen \u00f6l\u00e7\u00fclerde, y\u00fcksek bariyer \u00f6zelliklerine ve s\u0131zd\u0131rmazl\u0131\u011fa sahip, federli veya federsiz, mikrodalga kullan\u0131m\u0131na uygun, haz\u0131rl\u0131k ve servis a\u015famalar\u0131nda kolay ta\u015f\u0131ma ve saklama kolayl\u0131\u011f\u0131 sa\u011flayan gastronom k\u00fcvetler \u00fcretiyoruz.<\/h2>\t\t<\/div>\n\t\t\t\t<\/div>\n\t\t\t\t\t<\/div>\n\t\t\t\t<\/div>\n\t\t<div class=\"elementor-element elementor-element-4cf5260 e-con-full e-flex wpr-particle-no wpr-jarallax-no wpr-parallax-no wpr-sticky-section-no e-con e-child\" data-id=\"4cf5260\" data-element_type=\"container\">\n\t\t<div class=\"elementor-element elementor-element-20df4e1 e-con-full e-flex wpr-particle-no wpr-jarallax-no wpr-parallax-no wpr-sticky-section-no e-con e-child\" data-id=\"20df4e1\" data-element_type=\"container\">\n\t\t\t\t<div class=\"elementor-element elementor-element-a399a33 elementor-widget elementor-widget-image-gallery\" data-id=\"a399a33\" data-element_type=\"widget\" data-widget_type=\"image-gallery.default\">\n\t\t\t\t<div class=\"elementor-widget-container\">\n\t\t\t\t\t<div class=\"elementor-image-gallery\">\n\t\t\t<div id='gallery-1' class='gallery galleryid-1582 gallery-columns-1 gallery-size-large'><figure class='gallery-item'>\n\t\t\t<div class='gallery-icon landscape'>\n\t\t\t\t<a data-elementor-open-lightbox=\"yes\" data-elementor-lightbox-slideshow=\"a399a33\" data-elementor-lightbox-title=\"gastronom-kuvet-e265-b325-h80\" data-e-action-hash=\"#elementor-action%3Aaction%3Dlightbox%26settings%3DeyJpZCI6MTYzNiwidXJsIjoiaHR0cHM6XC9cL2VmZXNlcnBsYXN0aWsuY29tXC93cC1jb250ZW50XC91cGxvYWRzXC8yMDI1XC8xMlwvZ2FzdHJvbm9tLWt1dmV0LWUyNjUtYjMyNS1oODAucG5nIiwic2xpZGVzaG93IjoiYTM5OWEzMyJ9\" href='https:\/\/efeserplastik.com\/?attachment_id=1636'><img fetchpriority=\"high\" decoding=\"async\" width=\"810\" height=\"810\" src=\"https:\/\/efeserplastik.com\/wp-content\/uploads\/2025\/12\/gastronom-kuvet-e265-b325-h80.png\" class=\"attachment-large size-large\" alt=\"\" srcset=\"https:\/\/efeserplastik.com\/wp-content\/uploads\/2025\/12\/gastronom-kuvet-e265-b325-h80.png 810w, https:\/\/efeserplastik.com\/wp-content\/uploads\/2025\/12\/gastronom-kuvet-e265-b325-h80-300x300.png 300w, https:\/\/efeserplastik.com\/wp-content\/uploads\/2025\/12\/gastronom-kuvet-e265-b325-h80-150x150.png 150w, https:\/\/efeserplastik.com\/wp-content\/uploads\/2025\/12\/gastronom-kuvet-e265-b325-h80-768x768.png 768w\" sizes=\"(max-width: 810px) 100vw, 810px\" \/><\/a>\n\t\t\t<\/div><\/figure>\n\t\t<\/div>\n\t\t<\/div>\n\t\t\t\t<\/div>\n\t\t\t\t<\/div>\n\t\t\t\t<\/div>\n\t\t\t\t<\/div>\n\t\t\t\t<\/div>\n\t\t<div class=\"elementor-element elementor-element-45fd2fe e-con-full e-flex wpr-particle-no wpr-jarallax-no wpr-parallax-no wpr-sticky-section-no e-con e-child\" data-id=\"45fd2fe\" data-element_type=\"container\">\n\t\t<div class=\"elementor-element elementor-element-1dba121 e-flex e-con-boxed wpr-particle-no wpr-jarallax-no wpr-parallax-no wpr-sticky-section-no e-con e-child\" data-id=\"1dba121\" data-element_type=\"container\">\n\t\t\t\t\t<div class=\"e-con-inner\">\n\t\t\t\t<div class=\"elementor-element elementor-element-25c086f elementor-widget elementor-widget-heading\" data-id=\"25c086f\" data-element_type=\"widget\" data-widget_type=\"heading.default\">\n\t\t\t\t<div class=\"elementor-widget-container\">\n\t\t\t<h3 class=\"elementor-heading-title elementor-size-default\">\u00dcRET\u0130M OPS\u0130YONLARI\n<\/h3>\t\t<\/div>\n\t\t\t\t<\/div>\n\t\t<div class=\"elementor-element elementor-element-330d881 e-con-full elementor-hidden-desktop elementor-hidden-laptop elementor-hidden-tablet elementor-hidden-mobile e-flex wpr-particle-no wpr-jarallax-no wpr-parallax-no wpr-sticky-section-no e-con e-child\" data-id=\"330d881\" data-element_type=\"container\">\n\t\t\t\t<div class=\"elementor-element elementor-element-50d7c28 elementor-widget__width-initial elementor-widget elementor-widget-button\" data-id=\"50d7c28\" data-element_type=\"widget\" data-widget_type=\"button.default\">\n\t\t\t\t<div class=\"elementor-widget-container\">\n\t\t\t\t\t\t\t<div class=\"elementor-button-wrapper\">\n\t\t\t\t\t<a class=\"elementor-button elementor-button-link elementor-size-sm\" href=\"#\">\n\t\t\t\t\t\t<span class=\"elementor-button-content-wrapper\">\n\t\t\t\t\t\t\t\t\t<span class=\"elementor-button-text\">LLDPE<\/span>\n\t\t\t\t\t<\/span>\n\t\t\t\t\t<\/a>\n\t\t\t\t<\/div>\n\t\t\t\t\t\t<\/div>\n\t\t\t\t<\/div>\n\t\t\t\t<div class=\"elementor-element elementor-element-df10bf8 elementor-widget__width-initial elementor-widget elementor-widget-button\" data-id=\"df10bf8\" data-element_type=\"widget\" data-widget_type=\"button.default\">\n\t\t\t\t<div class=\"elementor-widget-container\">\n\t\t\t\t\t\t\t<div class=\"elementor-button-wrapper\">\n\t\t\t\t\t<a class=\"elementor-button elementor-button-link elementor-size-sm\" href=\"#\">\n\t\t\t\t\t\t<span class=\"elementor-button-content-wrapper\">\n\t\t\t\t\t\t\t\t\t<span class=\"elementor-button-text\">HDPE<\/span>\n\t\t\t\t\t<\/span>\n\t\t\t\t\t<\/a>\n\t\t\t\t<\/div>\n\t\t\t\t\t\t<\/div>\n\t\t\t\t<\/div>\n\t\t\t\t<\/div>\n\t\t\t\t<div class=\"elementor-element elementor-element-63e39c0 elementor-widget elementor-widget-heading\" data-id=\"63e39c0\" data-element_type=\"widget\" data-widget_type=\"heading.default\">\n\t\t\t\t<div class=\"elementor-widget-container\">\n\t\t\t<h2 class=\"elementor-heading-title elementor-size-default\">\nHAMMADDE <br>\n<br>PP ( Polipropilen )<br><br>\n\n\u00d6ZELL\u0130K<br><br>\n\nHomopolimer ( +4 )<br>\nCopolimer ( -18 )<br><br>\n\nKALINLIK<br><br>\n\n300 - 2000<br><br>\n\n\u00d6ZELLE\u015eT\u0130RME<br><br>\n\n\u00d6zel \u00f6l\u00e7\u00fc ve tasar\u0131mlarda \u00fcretim yapmaktay\u0131z.<br><br>\n\nBAR\u0130YER<br><br>\n\nStandart<br>\nEVOH<br>\nMineral<br>\nPP + PE<br><br><br>\n\nRENK<br><br>\n\nT\u00fcm Renkler<br>\n\u015eeffaf<br>\n\u0130\u00e7-D\u0131\u015f Farkl\u0131 Renk<br>\n\n\u00dcR\u00dcN B\u0130LG\u0130LER\u0130<br><br>\n\nHAC\u0130M: 5200 CC<br>\nGRAMAJ: 55 GR<br>\nKOL\u0130 \u00d6L\u00c7\u00dcLER\u0130: 600x340x540MM<br>\nKOL\u0130 \u0130\u00c7\u0130 ADET: 100 ADET<br>\nPALETTEK\u0130 ADET: 20 ADET<br><\/h2>\t\t<\/div>\n\t\t\t\t<\/div>\n\t\t\t\t\t<\/div>\n\t\t\t\t<\/div>\n\t\t\t\t<\/div>\n\t\t<div class=\"elementor-element elementor-element-fcbfa8b e-con-full e-flex wpr-particle-no wpr-jarallax-no wpr-parallax-no wpr-sticky-section-no e-con e-child\" data-id=\"fcbfa8b\" data-element_type=\"container\">\n\t\t\t\t<div class=\"elementor-element elementor-element-3a6d5d7 elementor-widget-mobile__width-initial wpr-button-icon-style-inline wpr-button-icon-position-right elementor-widget elementor-widget-wpr-button\" data-id=\"3a6d5d7\" data-element_type=\"widget\" data-widget_type=\"wpr-button.default\">\n\t\t\t\t<div class=\"elementor-widget-container\">\n\t\t\t\t\n\t\t\t\n\t\t\n\t\t<div class=\"wpr-button-wrap elementor-clearfix\">\n\t\t<a class=\"wpr-button wpr-button-effect wpr-button-none\" data-text=\"Go\" href=\"https:\/\/wa.me\/905063377682\">\n\t\t\t\n\t\t\t<span class=\"wpr-button-content\">\n\t\t\t\t\t\t\t\t\t<span class=\"wpr-button-text\">Sipari\u015f<\/span>\n\t\t\t\t\t\t\t\t\n\t\t\t\t\t\t\t\t\t<span class=\"wpr-button-icon\"><svg class=\"e-font-icon-svg e-fab-whatsapp\" viewBox=\"0 0 448 512\" xmlns=\"http:\/\/www.w3.org\/2000\/svg\"><path d=\"M380.9 97.1C339 55.1 283.2 32 223.9 32c-122.4 0-222 99.6-222 222 0 39.1 10.2 77.3 29.6 111L0 480l117.7-30.9c32.4 17.7 68.9 27 106.1 27h.1c122.3 0 224.1-99.6 224.1-222 0-59.3-25.2-115-67.1-157zm-157 341.6c-33.2 0-65.7-8.9-94-25.7l-6.7-4-69.8 18.3L72 359.2l-4.4-7c-18.5-29.4-28.2-63.3-28.2-98.2 0-101.7 82.8-184.5 184.6-184.5 49.3 0 95.6 19.2 130.4 54.1 34.8 34.9 56.2 81.2 56.1 130.5 0 101.8-84.9 184.6-186.6 184.6zm101.2-138.2c-5.5-2.8-32.8-16.2-37.9-18-5.1-1.9-8.8-2.8-12.5 2.8-3.7 5.6-14.3 18-17.6 21.8-3.2 3.7-6.5 4.2-12 1.4-32.6-16.3-54-29.1-75.5-66-5.7-9.8 5.7-9.1 16.3-30.3 1.8-3.7.9-6.9-.5-9.7-1.4-2.8-12.5-30.1-17.1-41.2-4.5-10.8-9.1-9.3-12.5-9.5-3.2-.2-6.9-.2-10.6-.2-3.7 0-9.7 1.4-14.8 6.9-5.1 5.6-19.4 19-19.4 46.3 0 27.3 19.9 53.7 22.6 57.4 2.8 3.7 39.1 59.7 94.8 83.8 35.2 15.2 49 16.5 66.6 13.9 10.7-1.6 32.8-13.4 37.4-26.4 4.6-13 4.6-24.1 3.2-26.4-1.3-2.5-5-3.9-10.5-6.6z\"><\/path><\/svg><\/span>\n\t\t\t\t\t\t\t<\/span>\n\t\t<\/a>\n\n\t\t\t\t<\/div>\n\t\n\t\n\t\t\t<\/div>\n\t\t\t\t<\/div>\n\t\t\t\t<\/div>\n\t\t\t\t<\/div>\n\t\t\t\t<\/div>\n\t\t\t\t<\/div>\n\t\t","protected":false},"excerpt":{"rendered":"<p>\u00dcr\u00fcnler \u00dcr\u00fcn Katalo\u011fu i\u00e7in t\u0131klay\u0131n\u0131z GASTRONOM K\u00dcVET LLDPE Efeser Plastik Ambalaj olarak, -20 dereceden 121 dereceye kadar \u0131s\u0131ya dayan\u0131kl\u0131, istenilen renklerde ve talep edilen \u00f6l\u00e7\u00fclerde, y\u00fcksek bariyer \u00f6zelliklerine ve s\u0131zd\u0131rmazl\u0131\u011fa sahip, federli veya federsiz, mikrodalga kullan\u0131m\u0131na uygun, haz\u0131rl\u0131k ve servis a\u015famalar\u0131nda kolay ta\u015f\u0131ma ve saklama kolayl\u0131\u011f\u0131 sa\u011flayan gastronom k\u00fcvetler \u00fcretiyoruz. \u00dcRET\u0130M OPS\u0130YONLARI LLDPE HDPE HAMMADDE PP ( Polipropilen ) \u00d6ZELL\u0130K Homopolimer ( +4 ) Copolimer ( -18 ) KALINLIK 300 &#8211; 2000 \u00d6ZELLE\u015eT\u0130RME \u00d6zel \u00f6l\u00e7\u00fc ve tasar\u0131mlarda \u00fcretim yapmaktay\u0131z. BAR\u0130YER Standart EVOH Mineral PP + PE RENK T\u00fcm Renkler \u015eeffaf \u0130\u00e7-D\u0131\u015f Farkl\u0131 Renk \u00dcR\u00dcN B\u0130LG\u0130LER\u0130 HAC\u0130M: 5200 CC GRAMAJ: 55 GR KOL\u0130 \u00d6L\u00c7\u00dcLER\u0130: 600x340x540MM KOL\u0130 \u0130\u00c7\u0130 ADET: 100 ADET PALETTEK\u0130 ADET: 20 ADET Sipari\u015f<\/p>\n","protected":false},"author":1,"featured_media":0,"parent":0,"menu_order":0,"comment_status":"closed","ping_status":"closed","template":"elementor_canvas","meta":{"footnotes":""},"class_list":["post-1582","page","type-page","status-publish","hentry"],"_links":{"self":[{"href":"https:\/\/efeserplastik.com\/index.php?rest_route=\/wp\/v2\/pages\/1582","targetHints":{"allow":["GET"]}}],"collection":[{"href":"https:\/\/efeserplastik.com\/index.php?rest_route=\/wp\/v2\/pages"}],"about":[{"href":"https:\/\/efeserplastik.com\/index.php?rest_route=\/wp\/v2\/types\/page"}],"author":[{"embeddable":true,"href":"https:\/\/efeserplastik.com\/index.php?rest_route=\/wp\/v2\/users\/1"}],"replies":[{"embeddable":true,"href":"https:\/\/efeserplastik.com\/index.php?rest_route=%2Fwp%2Fv2%2Fcomments&post=1582"}],"version-history":[{"count":20,"href":"https:\/\/efeserplastik.com\/index.php?rest_route=\/wp\/v2\/pages\/1582\/revisions"}],"predecessor-version":[{"id":1702,"href":"https:\/\/efeserplastik.com\/index.php?rest_route=\/wp\/v2\/pages\/1582\/revisions\/1702"}],"wp:attachment":[{"href":"https:\/\/efeserplastik.com\/index.php?rest_route=%2Fwp%2Fv2%2Fmedia&parent=1582"}],"curies":[{"name":"wp","href":"https:\/\/api.w.org\/{rel}","templated":true}]}}